{"id":4500,"date":"2020-08-12T10:15:52","date_gmt":"2020-08-12T08:45:52","guid":{"rendered":"https:\/\/www.personalizeon.com\/non class\u00e9\/aimant-avec-plaque-carree-50x50\/"},"modified":"2024-03-17T18:52:35","modified_gmt":"2024-03-17T17:22:35","slug":"aimants-a-plaques-carrees","status":"publish","type":"product","link":"https:\/\/www.personalizeon.com\/fr\/cadeaux-pour-les-mariages\/aimants-a-plaques-carrees\/","title":{"rendered":"Aimant avec plaque carr\u00e9e 50X50"},"content":{"rendered":"<p>Aimants \u00e0 plaques carr\u00e9es de toutes tailles<\/p>\n","protected":false},"excerpt":{"rendered":"<p>Aimants personnalis\u00e9s \u00e0 plaque carr\u00e9e<\/p>\n<ul>\n<li>Aimant m\u00e9tallique carr\u00e9 50&#215;50 mm<\/li>\n<li>Personnalis\u00e9 avec le design de votre choix<\/li>\n<li>Faces imprimables : 1<\/li>\n<li>Aimant de r\u00e9frig\u00e9rateur carr\u00e9<\/li>\n<\/ul>\n<p>&nbsp;<\/p>\n","protected":false},"featured_media":4287,"comment_status":"open","ping_status":"closed","template":"","meta":{"_acf_changed":false,"_joinchat":[]},"product_brand":[],"product_cat":[211,210,209,197,167,200,195,172,196,170,194,192,202,206,207,208,204,205,203,171],"product_tag":[],"class_list":{"0":"post-4500","1":"product","2":"type-product","3":"status-publish","4":"has-post-thumbnail","6":"product_cat-aimants-a-plaques","7":"product_cat-aimants-avec-logo","8":"product_cat-aimants-bon-marche","9":"product_cat-aimants-danniversaire","10":"product_cat-aimants-personnalises","11":"product_cat-aimants-pour-les-baptemes","12":"product_cat-aimants-pour-les-communions","13":"product_cat-aimants-pour-les-entreprises","14":"product_cat-aimants-pour-les-mariages","15":"product_cat-aimants-pour-photos","16":"product_cat-aimants-publicitaires","17":"product_cat-aimants-souvenirs","18":"product_cat-cadeaux","19":"product_cat-cadeaux-danniversaire","20":"product_cat-cadeaux-pour-la-fete-des-meres","21":"product_cat-cadeaux-pour-la-fete-des-peres","22":"product_cat-cadeaux-pour-les-baptemes","23":"product_cat-cadeaux-pour-les-communions","24":"product_cat-cadeaux-pour-les-mariages","25":"product_cat-vente-en-gros-daimants-personnalises","27":"first","28":"instock","29":"taxable","30":"shipping-taxable","31":"purchasable","32":"product-type-simple"},"acf":[],"yoast_head":"<!-- This site is optimized with the Yoast SEO plugin v27.3 - https:\/\/yoast.com\/product\/yoast-seo-wordpress\/ -->\n<title>Aimant avec plaque carr\u00e9e 50X50 - www.personalizeon.com<\/title>\n<meta name=\"robots\" content=\"index, follow, max-snippet:-1, max-image-preview:large, max-video-preview:-1\" \/>\n<link rel=\"canonical\" href=\"https:\/\/www.personalizeon.com\/fr\/cadeaux-pour-les-mariages\/aimants-a-plaques-carrees\/\" \/>\n<meta property=\"og:locale\" content=\"fr_FR\" \/>\n<meta property=\"og:type\" content=\"article\" \/>\n<meta property=\"og:title\" content=\"Aimant avec plaque carr\u00e9e 50X50 - www.personalizeon.com\" \/>\n<meta property=\"og:description\" content=\"Aimants personnalis\u00e9s \u00e0 plaque carr\u00e9e  Aimant m\u00e9tallique carr\u00e9 50x50 mm  Personnalis\u00e9 avec le design de votre choix  Faces imprimables : 1  Aimant de r\u00e9frig\u00e9rateur carr\u00e9 &nbsp;\" \/>\n<meta property=\"og:url\" content=\"https:\/\/www.personalizeon.com\/fr\/cadeaux-pour-les-mariages\/aimants-a-plaques-carrees\/\" \/>\n<meta property=\"og:site_name\" content=\"www.personalizeon.com\" \/>\n<meta property=\"article:modified_time\" content=\"2024-03-17T17:22:35+00:00\" \/>\n<meta property=\"og:image\" content=\"https:\/\/www.personalizeon.com\/wp-content\/uploads\/IMANES-CUADRADO-PONER-EN-STOK.jpg\" \/>\n\t<meta property=\"og:image:width\" content=\"851\" \/>\n\t<meta property=\"og:image:height\" content=\"851\" \/>\n\t<meta property=\"og:image:type\" content=\"image\/jpeg\" \/>\n<meta name=\"twitter:card\" content=\"summary_large_image\" \/>\n<script type=\"application\/ld+json\" class=\"yoast-schema-graph\">{\"@context\":\"https:\\\/\\\/schema.org\",\"@graph\":[{\"@type\":\"WebPage\",\"@id\":\"https:\\\/\\\/www.personalizeon.com\\\/fr\\\/cadeaux-pour-les-mariages\\\/aimants-a-plaques-carrees\\\/\",\"url\":\"https:\\\/\\\/www.personalizeon.com\\\/fr\\\/cadeaux-pour-les-mariages\\\/aimants-a-plaques-carrees\\\/\",\"name\":\"Aimant avec plaque carr\u00e9e 50X50 - www.personalizeon.com\",\"isPartOf\":{\"@id\":\"https:\\\/\\\/www.personalizeon.com\\\/fr\\\/#website\"},\"primaryImageOfPage\":{\"@id\":\"https:\\\/\\\/www.personalizeon.com\\\/fr\\\/cadeaux-pour-les-mariages\\\/aimants-a-plaques-carrees\\\/#primaryimage\"},\"image\":{\"@id\":\"https:\\\/\\\/www.personalizeon.com\\\/fr\\\/cadeaux-pour-les-mariages\\\/aimants-a-plaques-carrees\\\/#primaryimage\"},\"thumbnailUrl\":\"https:\\\/\\\/www.personalizeon.com\\\/wp-content\\\/uploads\\\/IMANES-CUADRADO-PONER-EN-STOK.jpg\",\"datePublished\":\"2020-08-12T08:45:52+00:00\",\"dateModified\":\"2024-03-17T17:22:35+00:00\",\"breadcrumb\":{\"@id\":\"https:\\\/\\\/www.personalizeon.com\\\/fr\\\/cadeaux-pour-les-mariages\\\/aimants-a-plaques-carrees\\\/#breadcrumb\"},\"inLanguage\":\"fr-FR\",\"potentialAction\":[{\"@type\":\"ReadAction\",\"target\":[\"https:\\\/\\\/www.personalizeon.com\\\/fr\\\/cadeaux-pour-les-mariages\\\/aimants-a-plaques-carrees\\\/\"]}]},{\"@type\":\"ImageObject\",\"inLanguage\":\"fr-FR\",\"@id\":\"https:\\\/\\\/www.personalizeon.com\\\/fr\\\/cadeaux-pour-les-mariages\\\/aimants-a-plaques-carrees\\\/#primaryimage\",\"url\":\"https:\\\/\\\/www.personalizeon.com\\\/wp-content\\\/uploads\\\/IMANES-CUADRADO-PONER-EN-STOK.jpg\",\"contentUrl\":\"https:\\\/\\\/www.personalizeon.com\\\/wp-content\\\/uploads\\\/IMANES-CUADRADO-PONER-EN-STOK.jpg\",\"width\":851,\"height\":851},{\"@type\":\"BreadcrumbList\",\"@id\":\"https:\\\/\\\/www.personalizeon.com\\\/fr\\\/cadeaux-pour-les-mariages\\\/aimants-a-plaques-carrees\\\/#breadcrumb\",\"itemListElement\":[{\"@type\":\"ListItem\",\"position\":1,\"name\":\"Home\",\"item\":\"https:\\\/\\\/www.personalizeon.com\\\/fr\\\/\"},{\"@type\":\"ListItem\",\"position\":2,\"name\":\"Boutique\",\"item\":\"https:\\\/\\\/www.personalizeon.com\\\/fr\\\/boutique\\\/\"},{\"@type\":\"ListItem\",\"position\":3,\"name\":\"Aimant avec plaque carr\u00e9e 50X50\"}]},{\"@type\":\"WebSite\",\"@id\":\"https:\\\/\\\/www.personalizeon.com\\\/fr\\\/#website\",\"url\":\"https:\\\/\\\/www.personalizeon.com\\\/fr\\\/\",\"name\":\"www.personalizeon.com\",\"description\":\"Art&iacute;culos personalizados para tu empresa\",\"publisher\":{\"@id\":\"https:\\\/\\\/www.personalizeon.com\\\/fr\\\/#organization\"},\"potentialAction\":[{\"@type\":\"SearchAction\",\"target\":{\"@type\":\"EntryPoint\",\"urlTemplate\":\"https:\\\/\\\/www.personalizeon.com\\\/fr\\\/?s={search_term_string}\"},\"query-input\":{\"@type\":\"PropertyValueSpecification\",\"valueRequired\":true,\"valueName\":\"search_term_string\"}}],\"inLanguage\":\"fr-FR\"},{\"@type\":\"Organization\",\"@id\":\"https:\\\/\\\/www.personalizeon.com\\\/fr\\\/#organization\",\"name\":\"www.personalizeon.com\",\"url\":\"https:\\\/\\\/www.personalizeon.com\\\/fr\\\/\",\"logo\":{\"@type\":\"ImageObject\",\"inLanguage\":\"fr-FR\",\"@id\":\"https:\\\/\\\/www.personalizeon.com\\\/fr\\\/#\\\/schema\\\/logo\\\/image\\\/\",\"url\":\"https:\\\/\\\/www.personalizeon.com\\\/wp-content\\\/uploads\\\/cropped-on-logo-personalizeon.jpg\",\"contentUrl\":\"https:\\\/\\\/www.personalizeon.com\\\/wp-content\\\/uploads\\\/cropped-on-logo-personalizeon.jpg\",\"width\":200,\"height\":119,\"caption\":\"www.personalizeon.com\"},\"image\":{\"@id\":\"https:\\\/\\\/www.personalizeon.com\\\/fr\\\/#\\\/schema\\\/logo\\\/image\\\/\"}}]}<\/script>\n<!-- \/ Yoast SEO plugin. -->","yoast_head_json":{"title":"Aimant avec plaque carr\u00e9e 50X50 - www.personalizeon.com","robots":{"index":"index","follow":"follow","max-snippet":"max-snippet:-1","max-image-preview":"max-image-preview:large","max-video-preview":"max-video-preview:-1"},"canonical":"https:\/\/www.personalizeon.com\/fr\/cadeaux-pour-les-mariages\/aimants-a-plaques-carrees\/","og_locale":"fr_FR","og_type":"article","og_title":"Aimant avec plaque carr\u00e9e 50X50 - www.personalizeon.com","og_description":"Aimants personnalis\u00e9s \u00e0 plaque carr\u00e9e  Aimant m\u00e9tallique carr\u00e9 50x50 mm  Personnalis\u00e9 avec le design de votre choix  Faces imprimables : 1  Aimant de r\u00e9frig\u00e9rateur carr\u00e9 &nbsp;","og_url":"https:\/\/www.personalizeon.com\/fr\/cadeaux-pour-les-mariages\/aimants-a-plaques-carrees\/","og_site_name":"www.personalizeon.com","article_modified_time":"2024-03-17T17:22:35+00:00","og_image":[{"width":851,"height":851,"url":"https:\/\/www.personalizeon.com\/wp-content\/uploads\/IMANES-CUADRADO-PONER-EN-STOK.jpg","type":"image\/jpeg"}],"twitter_card":"summary_large_image","schema":{"@context":"https:\/\/schema.org","@graph":[{"@type":"WebPage","@id":"https:\/\/www.personalizeon.com\/fr\/cadeaux-pour-les-mariages\/aimants-a-plaques-carrees\/","url":"https:\/\/www.personalizeon.com\/fr\/cadeaux-pour-les-mariages\/aimants-a-plaques-carrees\/","name":"Aimant avec plaque carr\u00e9e 50X50 - www.personalizeon.com","isPartOf":{"@id":"https:\/\/www.personalizeon.com\/fr\/#website"},"primaryImageOfPage":{"@id":"https:\/\/www.personalizeon.com\/fr\/cadeaux-pour-les-mariages\/aimants-a-plaques-carrees\/#primaryimage"},"image":{"@id":"https:\/\/www.personalizeon.com\/fr\/cadeaux-pour-les-mariages\/aimants-a-plaques-carrees\/#primaryimage"},"thumbnailUrl":"https:\/\/www.personalizeon.com\/wp-content\/uploads\/IMANES-CUADRADO-PONER-EN-STOK.jpg","datePublished":"2020-08-12T08:45:52+00:00","dateModified":"2024-03-17T17:22:35+00:00","breadcrumb":{"@id":"https:\/\/www.personalizeon.com\/fr\/cadeaux-pour-les-mariages\/aimants-a-plaques-carrees\/#breadcrumb"},"inLanguage":"fr-FR","potentialAction":[{"@type":"ReadAction","target":["https:\/\/www.personalizeon.com\/fr\/cadeaux-pour-les-mariages\/aimants-a-plaques-carrees\/"]}]},{"@type":"ImageObject","inLanguage":"fr-FR","@id":"https:\/\/www.personalizeon.com\/fr\/cadeaux-pour-les-mariages\/aimants-a-plaques-carrees\/#primaryimage","url":"https:\/\/www.personalizeon.com\/wp-content\/uploads\/IMANES-CUADRADO-PONER-EN-STOK.jpg","contentUrl":"https:\/\/www.personalizeon.com\/wp-content\/uploads\/IMANES-CUADRADO-PONER-EN-STOK.jpg","width":851,"height":851},{"@type":"BreadcrumbList","@id":"https:\/\/www.personalizeon.com\/fr\/cadeaux-pour-les-mariages\/aimants-a-plaques-carrees\/#breadcrumb","itemListElement":[{"@type":"ListItem","position":1,"name":"Home","item":"https:\/\/www.personalizeon.com\/fr\/"},{"@type":"ListItem","position":2,"name":"Boutique","item":"https:\/\/www.personalizeon.com\/fr\/boutique\/"},{"@type":"ListItem","position":3,"name":"Aimant avec plaque carr\u00e9e 50X50"}]},{"@type":"WebSite","@id":"https:\/\/www.personalizeon.com\/fr\/#website","url":"https:\/\/www.personalizeon.com\/fr\/","name":"www.personalizeon.com","description":"Art&iacute;culos personalizados para tu empresa","publisher":{"@id":"https:\/\/www.personalizeon.com\/fr\/#organization"},"potentialAction":[{"@type":"SearchAction","target":{"@type":"EntryPoint","urlTemplate":"https:\/\/www.personalizeon.com\/fr\/?s={search_term_string}"},"query-input":{"@type":"PropertyValueSpecification","valueRequired":true,"valueName":"search_term_string"}}],"inLanguage":"fr-FR"},{"@type":"Organization","@id":"https:\/\/www.personalizeon.com\/fr\/#organization","name":"www.personalizeon.com","url":"https:\/\/www.personalizeon.com\/fr\/","logo":{"@type":"ImageObject","inLanguage":"fr-FR","@id":"https:\/\/www.personalizeon.com\/fr\/#\/schema\/logo\/image\/","url":"https:\/\/www.personalizeon.com\/wp-content\/uploads\/cropped-on-logo-personalizeon.jpg","contentUrl":"https:\/\/www.personalizeon.com\/wp-content\/uploads\/cropped-on-logo-personalizeon.jpg","width":200,"height":119,"caption":"www.personalizeon.com"},"image":{"@id":"https:\/\/www.personalizeon.com\/fr\/#\/schema\/logo\/image\/"}}]}},"tiered_pricing_type":"fixed","tiered_pricing_fixed_rules":{"50":1.5,"100":1.48,"150":1.46,"500":1.44,"1000":1.4},"tiered_pricing_product_settings":{"layout":"default","base_unit_name":{"singular":null,"plural":null},"default_variation":null},"tiered_pricing_minimum_quantity":null,"tiered_pricing_roles_data":[],"tiered_pricing_percentage_rules":[],"_links":{"self":[{"href":"https:\/\/www.personalizeon.com\/fr\/wp-json\/wp\/v2\/product\/4500","targetHints":{"allow":["GET"]}}],"collection":[{"href":"https:\/\/www.personalizeon.com\/fr\/wp-json\/wp\/v2\/product"}],"about":[{"href":"https:\/\/www.personalizeon.com\/fr\/wp-json\/wp\/v2\/types\/product"}],"replies":[{"embeddable":true,"href":"https:\/\/www.personalizeon.com\/fr\/wp-json\/wp\/v2\/comments?post=4500"}],"version-history":[{"count":0,"href":"https:\/\/www.personalizeon.com\/fr\/wp-json\/wp\/v2\/product\/4500\/revisions"}],"wp:featuredmedia":[{"embeddable":true,"href":"https:\/\/www.personalizeon.com\/fr\/wp-json\/wp\/v2\/media\/4287"}],"wp:attachment":[{"href":"https:\/\/www.personalizeon.com\/fr\/wp-json\/wp\/v2\/media?parent=4500"}],"wp:term":[{"taxonomy":"product_brand","embeddable":true,"href":"https:\/\/www.personalizeon.com\/fr\/wp-json\/wp\/v2\/product_brand?post=4500"},{"taxonomy":"product_cat","embeddable":true,"href":"https:\/\/www.personalizeon.com\/fr\/wp-json\/wp\/v2\/product_cat?post=4500"},{"taxonomy":"product_tag","embeddable":true,"href":"https:\/\/www.personalizeon.com\/fr\/wp-json\/wp\/v2\/product_tag?post=4500"}],"curies":[{"name":"wp","href":"https:\/\/api.w.org\/{rel}","templated":true}]}}