{"id":4491,"date":"2021-06-25T11:54:44","date_gmt":"2021-06-25T10:24:44","guid":{"rendered":"https:\/\/www.personalizeon.com\/non class\u00e9\/bapteme-enfant-initiale-magnet-avec-plaque-rectangulaire-78x53\/"},"modified":"2021-06-25T11:54:44","modified_gmt":"2021-06-25T10:24:44","slug":"aimant-initial-enfant-bapteme-avec-feuille-rectangulaire-78x53","status":"publish","type":"product","link":"https:\/\/www.personalizeon.com\/fr\/cadeaux-pour-les-baptemes\/aimant-initial-enfant-bapteme-avec-feuille-rectangulaire-78x53\/","title":{"rendered":"Bapt\u00eame Enfant Initiale Magnet avec plaque rectangulaire 78X53"},"content":{"rendered":"<p>Aimants rectangulaires personnalis\u00e9s 78X53 mm pour les bapt\u00eames. <strong>Aimant de r\u00e9frig\u00e9rateur personnalis\u00e9 avec une plaque personnalisable<\/strong> parfaite pour vous avec l&rsquo;initiale du gar\u00e7on ou de la fille du bapt\u00eame.<\/p>\n","protected":false},"excerpt":{"rendered":"<p>Aimants rectangulaires personnalis\u00e9s avec plaque m\u00e9tallique<\/p>\n<ul>\n<li>Aimant m\u00e9tallique rectangulaire 78&#215;53 mm<\/li>\n<li>Personnalis\u00e9 avec le design de votre choix<\/li>\n<li>Faces imprimables : 1<\/li>\n<\/ul>\n<p>&nbsp;<\/p>\n","protected":false},"featured_media":4310,"comment_status":"open","ping_status":"closed","template":"","meta":{"_acf_changed":false,"_joinchat":[]},"product_brand":[],"product_cat":[211,167,200,204],"product_tag":[],"class_list":{"0":"post-4491","1":"product","2":"type-product","3":"status-publish","4":"has-post-thumbnail","6":"product_cat-aimants-a-plaques","7":"product_cat-aimants-personnalises","8":"product_cat-aimants-pour-les-baptemes","9":"product_cat-cadeaux-pour-les-baptemes","11":"first","12":"instock","13":"sale","14":"taxable","15":"shipping-taxable","16":"purchasable","17":"product-type-simple"},"acf":[],"yoast_head":"<!-- This site is optimized with the Yoast SEO plugin v27.3 - https:\/\/yoast.com\/product\/yoast-seo-wordpress\/ -->\n<title>Bapt\u00eame Enfant Initiale Magnet avec plaque rectangulaire 78X53 - www.personalizeon.com<\/title>\n<meta name=\"robots\" content=\"index, follow, max-snippet:-1, max-image-preview:large, max-video-preview:-1\" \/>\n<link rel=\"canonical\" href=\"https:\/\/www.personalizeon.com\/fr\/cadeaux-pour-les-baptemes\/aimant-initial-enfant-bapteme-avec-feuille-rectangulaire-78x53\/\" \/>\n<meta property=\"og:locale\" content=\"fr_FR\" \/>\n<meta property=\"og:type\" content=\"article\" \/>\n<meta property=\"og:title\" content=\"Bapt\u00eame Enfant Initiale Magnet avec plaque rectangulaire 78X53 - www.personalizeon.com\" \/>\n<meta property=\"og:description\" content=\"Aimants rectangulaires personnalis\u00e9s avec plaque m\u00e9tallique  Aimant m\u00e9tallique rectangulaire 78x53 mm  Personnalis\u00e9 avec le design de votre choix  Faces imprimables : 1 &nbsp;\" \/>\n<meta property=\"og:url\" content=\"https:\/\/www.personalizeon.com\/fr\/cadeaux-pour-les-baptemes\/aimant-initial-enfant-bapteme-avec-feuille-rectangulaire-78x53\/\" \/>\n<meta property=\"og:site_name\" content=\"www.personalizeon.com\" \/>\n<meta property=\"og:image\" content=\"https:\/\/www.personalizeon.com\/wp-content\/uploads\/PRIMERA-COMUNION-5.jpg\" \/>\n\t<meta property=\"og:image:width\" content=\"851\" \/>\n\t<meta property=\"og:image:height\" content=\"851\" \/>\n\t<meta property=\"og:image:type\" content=\"image\/jpeg\" \/>\n<meta name=\"twitter:card\" content=\"summary_large_image\" \/>\n<script type=\"application\/ld+json\" class=\"yoast-schema-graph\">{\"@context\":\"https:\\\/\\\/schema.org\",\"@graph\":[{\"@type\":\"WebPage\",\"@id\":\"https:\\\/\\\/www.personalizeon.com\\\/fr\\\/cadeaux-pour-les-baptemes\\\/aimant-initial-enfant-bapteme-avec-feuille-rectangulaire-78x53\\\/\",\"url\":\"https:\\\/\\\/www.personalizeon.com\\\/fr\\\/cadeaux-pour-les-baptemes\\\/aimant-initial-enfant-bapteme-avec-feuille-rectangulaire-78x53\\\/\",\"name\":\"Bapt\u00eame Enfant Initiale Magnet avec plaque rectangulaire 78X53 - www.personalizeon.com\",\"isPartOf\":{\"@id\":\"https:\\\/\\\/www.personalizeon.com\\\/fr\\\/#website\"},\"primaryImageOfPage\":{\"@id\":\"https:\\\/\\\/www.personalizeon.com\\\/fr\\\/cadeaux-pour-les-baptemes\\\/aimant-initial-enfant-bapteme-avec-feuille-rectangulaire-78x53\\\/#primaryimage\"},\"image\":{\"@id\":\"https:\\\/\\\/www.personalizeon.com\\\/fr\\\/cadeaux-pour-les-baptemes\\\/aimant-initial-enfant-bapteme-avec-feuille-rectangulaire-78x53\\\/#primaryimage\"},\"thumbnailUrl\":\"https:\\\/\\\/www.personalizeon.com\\\/wp-content\\\/uploads\\\/PRIMERA-COMUNION-5.jpg\",\"datePublished\":\"2021-06-25T10:24:44+00:00\",\"breadcrumb\":{\"@id\":\"https:\\\/\\\/www.personalizeon.com\\\/fr\\\/cadeaux-pour-les-baptemes\\\/aimant-initial-enfant-bapteme-avec-feuille-rectangulaire-78x53\\\/#breadcrumb\"},\"inLanguage\":\"fr-FR\",\"potentialAction\":[{\"@type\":\"ReadAction\",\"target\":[\"https:\\\/\\\/www.personalizeon.com\\\/fr\\\/cadeaux-pour-les-baptemes\\\/aimant-initial-enfant-bapteme-avec-feuille-rectangulaire-78x53\\\/\"]}]},{\"@type\":\"ImageObject\",\"inLanguage\":\"fr-FR\",\"@id\":\"https:\\\/\\\/www.personalizeon.com\\\/fr\\\/cadeaux-pour-les-baptemes\\\/aimant-initial-enfant-bapteme-avec-feuille-rectangulaire-78x53\\\/#primaryimage\",\"url\":\"https:\\\/\\\/www.personalizeon.com\\\/wp-content\\\/uploads\\\/PRIMERA-COMUNION-5.jpg\",\"contentUrl\":\"https:\\\/\\\/www.personalizeon.com\\\/wp-content\\\/uploads\\\/PRIMERA-COMUNION-5.jpg\",\"width\":851,\"height\":851},{\"@type\":\"BreadcrumbList\",\"@id\":\"https:\\\/\\\/www.personalizeon.com\\\/fr\\\/cadeaux-pour-les-baptemes\\\/aimant-initial-enfant-bapteme-avec-feuille-rectangulaire-78x53\\\/#breadcrumb\",\"itemListElement\":[{\"@type\":\"ListItem\",\"position\":1,\"name\":\"Home\",\"item\":\"https:\\\/\\\/www.personalizeon.com\\\/fr\\\/\"},{\"@type\":\"ListItem\",\"position\":2,\"name\":\"Boutique\",\"item\":\"https:\\\/\\\/www.personalizeon.com\\\/fr\\\/boutique\\\/\"},{\"@type\":\"ListItem\",\"position\":3,\"name\":\"Bapt\u00eame Enfant Initiale Magnet avec plaque rectangulaire 78X53\"}]},{\"@type\":\"WebSite\",\"@id\":\"https:\\\/\\\/www.personalizeon.com\\\/fr\\\/#website\",\"url\":\"https:\\\/\\\/www.personalizeon.com\\\/fr\\\/\",\"name\":\"www.personalizeon.com\",\"description\":\"Art&iacute;culos personalizados para tu empresa\",\"publisher\":{\"@id\":\"https:\\\/\\\/www.personalizeon.com\\\/fr\\\/#organization\"},\"potentialAction\":[{\"@type\":\"SearchAction\",\"target\":{\"@type\":\"EntryPoint\",\"urlTemplate\":\"https:\\\/\\\/www.personalizeon.com\\\/fr\\\/?s={search_term_string}\"},\"query-input\":{\"@type\":\"PropertyValueSpecification\",\"valueRequired\":true,\"valueName\":\"search_term_string\"}}],\"inLanguage\":\"fr-FR\"},{\"@type\":\"Organization\",\"@id\":\"https:\\\/\\\/www.personalizeon.com\\\/fr\\\/#organization\",\"name\":\"www.personalizeon.com\",\"url\":\"https:\\\/\\\/www.personalizeon.com\\\/fr\\\/\",\"logo\":{\"@type\":\"ImageObject\",\"inLanguage\":\"fr-FR\",\"@id\":\"https:\\\/\\\/www.personalizeon.com\\\/fr\\\/#\\\/schema\\\/logo\\\/image\\\/\",\"url\":\"https:\\\/\\\/www.personalizeon.com\\\/wp-content\\\/uploads\\\/cropped-on-logo-personalizeon.jpg\",\"contentUrl\":\"https:\\\/\\\/www.personalizeon.com\\\/wp-content\\\/uploads\\\/cropped-on-logo-personalizeon.jpg\",\"width\":200,\"height\":119,\"caption\":\"www.personalizeon.com\"},\"image\":{\"@id\":\"https:\\\/\\\/www.personalizeon.com\\\/fr\\\/#\\\/schema\\\/logo\\\/image\\\/\"}}]}<\/script>\n<!-- \/ Yoast SEO plugin. -->","yoast_head_json":{"title":"Bapt\u00eame Enfant Initiale Magnet avec plaque rectangulaire 78X53 - www.personalizeon.com","robots":{"index":"index","follow":"follow","max-snippet":"max-snippet:-1","max-image-preview":"max-image-preview:large","max-video-preview":"max-video-preview:-1"},"canonical":"https:\/\/www.personalizeon.com\/fr\/cadeaux-pour-les-baptemes\/aimant-initial-enfant-bapteme-avec-feuille-rectangulaire-78x53\/","og_locale":"fr_FR","og_type":"article","og_title":"Bapt\u00eame Enfant Initiale Magnet avec plaque rectangulaire 78X53 - www.personalizeon.com","og_description":"Aimants rectangulaires personnalis\u00e9s avec plaque m\u00e9tallique  Aimant m\u00e9tallique rectangulaire 78x53 mm  Personnalis\u00e9 avec le design de votre choix  Faces imprimables : 1 &nbsp;","og_url":"https:\/\/www.personalizeon.com\/fr\/cadeaux-pour-les-baptemes\/aimant-initial-enfant-bapteme-avec-feuille-rectangulaire-78x53\/","og_site_name":"www.personalizeon.com","og_image":[{"width":851,"height":851,"url":"https:\/\/www.personalizeon.com\/wp-content\/uploads\/PRIMERA-COMUNION-5.jpg","type":"image\/jpeg"}],"twitter_card":"summary_large_image","schema":{"@context":"https:\/\/schema.org","@graph":[{"@type":"WebPage","@id":"https:\/\/www.personalizeon.com\/fr\/cadeaux-pour-les-baptemes\/aimant-initial-enfant-bapteme-avec-feuille-rectangulaire-78x53\/","url":"https:\/\/www.personalizeon.com\/fr\/cadeaux-pour-les-baptemes\/aimant-initial-enfant-bapteme-avec-feuille-rectangulaire-78x53\/","name":"Bapt\u00eame Enfant Initiale Magnet avec plaque rectangulaire 78X53 - www.personalizeon.com","isPartOf":{"@id":"https:\/\/www.personalizeon.com\/fr\/#website"},"primaryImageOfPage":{"@id":"https:\/\/www.personalizeon.com\/fr\/cadeaux-pour-les-baptemes\/aimant-initial-enfant-bapteme-avec-feuille-rectangulaire-78x53\/#primaryimage"},"image":{"@id":"https:\/\/www.personalizeon.com\/fr\/cadeaux-pour-les-baptemes\/aimant-initial-enfant-bapteme-avec-feuille-rectangulaire-78x53\/#primaryimage"},"thumbnailUrl":"https:\/\/www.personalizeon.com\/wp-content\/uploads\/PRIMERA-COMUNION-5.jpg","datePublished":"2021-06-25T10:24:44+00:00","breadcrumb":{"@id":"https:\/\/www.personalizeon.com\/fr\/cadeaux-pour-les-baptemes\/aimant-initial-enfant-bapteme-avec-feuille-rectangulaire-78x53\/#breadcrumb"},"inLanguage":"fr-FR","potentialAction":[{"@type":"ReadAction","target":["https:\/\/www.personalizeon.com\/fr\/cadeaux-pour-les-baptemes\/aimant-initial-enfant-bapteme-avec-feuille-rectangulaire-78x53\/"]}]},{"@type":"ImageObject","inLanguage":"fr-FR","@id":"https:\/\/www.personalizeon.com\/fr\/cadeaux-pour-les-baptemes\/aimant-initial-enfant-bapteme-avec-feuille-rectangulaire-78x53\/#primaryimage","url":"https:\/\/www.personalizeon.com\/wp-content\/uploads\/PRIMERA-COMUNION-5.jpg","contentUrl":"https:\/\/www.personalizeon.com\/wp-content\/uploads\/PRIMERA-COMUNION-5.jpg","width":851,"height":851},{"@type":"BreadcrumbList","@id":"https:\/\/www.personalizeon.com\/fr\/cadeaux-pour-les-baptemes\/aimant-initial-enfant-bapteme-avec-feuille-rectangulaire-78x53\/#breadcrumb","itemListElement":[{"@type":"ListItem","position":1,"name":"Home","item":"https:\/\/www.personalizeon.com\/fr\/"},{"@type":"ListItem","position":2,"name":"Boutique","item":"https:\/\/www.personalizeon.com\/fr\/boutique\/"},{"@type":"ListItem","position":3,"name":"Bapt\u00eame Enfant Initiale Magnet avec plaque rectangulaire 78X53"}]},{"@type":"WebSite","@id":"https:\/\/www.personalizeon.com\/fr\/#website","url":"https:\/\/www.personalizeon.com\/fr\/","name":"www.personalizeon.com","description":"Art&iacute;culos personalizados para tu empresa","publisher":{"@id":"https:\/\/www.personalizeon.com\/fr\/#organization"},"potentialAction":[{"@type":"SearchAction","target":{"@type":"EntryPoint","urlTemplate":"https:\/\/www.personalizeon.com\/fr\/?s={search_term_string}"},"query-input":{"@type":"PropertyValueSpecification","valueRequired":true,"valueName":"search_term_string"}}],"inLanguage":"fr-FR"},{"@type":"Organization","@id":"https:\/\/www.personalizeon.com\/fr\/#organization","name":"www.personalizeon.com","url":"https:\/\/www.personalizeon.com\/fr\/","logo":{"@type":"ImageObject","inLanguage":"fr-FR","@id":"https:\/\/www.personalizeon.com\/fr\/#\/schema\/logo\/image\/","url":"https:\/\/www.personalizeon.com\/wp-content\/uploads\/cropped-on-logo-personalizeon.jpg","contentUrl":"https:\/\/www.personalizeon.com\/wp-content\/uploads\/cropped-on-logo-personalizeon.jpg","width":200,"height":119,"caption":"www.personalizeon.com"},"image":{"@id":"https:\/\/www.personalizeon.com\/fr\/#\/schema\/logo\/image\/"}}]}},"tiered_pricing_type":"fixed","tiered_pricing_fixed_rules":{"50":1.13,"100":1.12,"150":1.1,"500":1,"1000":0.72},"tiered_pricing_product_settings":{"layout":"default","base_unit_name":{"singular":null,"plural":null},"default_variation":null},"tiered_pricing_minimum_quantity":null,"tiered_pricing_roles_data":[],"tiered_pricing_percentage_rules":[],"_links":{"self":[{"href":"https:\/\/www.personalizeon.com\/fr\/wp-json\/wp\/v2\/product\/4491","targetHints":{"allow":["GET"]}}],"collection":[{"href":"https:\/\/www.personalizeon.com\/fr\/wp-json\/wp\/v2\/product"}],"about":[{"href":"https:\/\/www.personalizeon.com\/fr\/wp-json\/wp\/v2\/types\/product"}],"replies":[{"embeddable":true,"href":"https:\/\/www.personalizeon.com\/fr\/wp-json\/wp\/v2\/comments?post=4491"}],"version-history":[{"count":0,"href":"https:\/\/www.personalizeon.com\/fr\/wp-json\/wp\/v2\/product\/4491\/revisions"}],"wp:featuredmedia":[{"embeddable":true,"href":"https:\/\/www.personalizeon.com\/fr\/wp-json\/wp\/v2\/media\/4310"}],"wp:attachment":[{"href":"https:\/\/www.personalizeon.com\/fr\/wp-json\/wp\/v2\/media?parent=4491"}],"wp:term":[{"taxonomy":"product_brand","embeddable":true,"href":"https:\/\/www.personalizeon.com\/fr\/wp-json\/wp\/v2\/product_brand?post=4491"},{"taxonomy":"product_cat","embeddable":true,"href":"https:\/\/www.personalizeon.com\/fr\/wp-json\/wp\/v2\/product_cat?post=4491"},{"taxonomy":"product_tag","embeddable":true,"href":"https:\/\/www.personalizeon.com\/fr\/wp-json\/wp\/v2\/product_tag?post=4491"}],"curies":[{"name":"wp","href":"https:\/\/api.w.org\/{rel}","templated":true}]}}