{"id":4478,"date":"2021-06-25T12:21:00","date_gmt":"2021-06-25T10:51:00","guid":{"rendered":"https:\/\/www.personalizeon.com\/non class\u00e9\/bavoirs-de-bapteme-initiaux-ronds-flexibles-pour-bebe\/"},"modified":"2021-06-25T12:21:00","modified_gmt":"2021-06-25T10:51:00","slug":"aimant-initial-enfant-bapteme-flexible-rond","status":"publish","type":"product","link":"https:\/\/www.personalizeon.com\/fr\/cadeaux-pour-les-baptemes\/aimant-initial-enfant-bapteme-flexible-rond\/","title":{"rendered":"Bavoirs de bapt\u00eame initiaux ronds flexibles pour b\u00e9b\u00e9"},"content":{"rendered":"<p>Aimant rond flexible de toutes tailles dans ce cas <strong>\u00d8 59 mm (Diam\u00e8tre<\/strong>)<\/p>\n","protected":false},"excerpt":{"rendered":"<p>Aimant rond flexible personnalis\u00e9<\/p>\n<ul>\n<li>Aimant circulaire flexible \u00d8 59 mm<\/li>\n<li>Personnalis\u00e9 avec le design de votre choix<\/li>\n<li>Faces imprimables : 1<\/li>\n<li>Aimant rond<\/li>\n<li>Felxible<\/li>\n<\/ul>\n","protected":false},"featured_media":4314,"comment_status":"open","ping_status":"closed","template":"","meta":{"_acf_changed":false,"_joinchat":[]},"product_brand":[],"product_cat":[167,200,204],"product_tag":[],"class_list":{"0":"post-4478","1":"product","2":"type-product","3":"status-publish","4":"has-post-thumbnail","6":"product_cat-aimants-personnalises","7":"product_cat-aimants-pour-les-baptemes","8":"product_cat-cadeaux-pour-les-baptemes","10":"first","11":"outofstock","12":"taxable","13":"shipping-taxable","14":"purchasable","15":"product-type-simple"},"acf":[],"yoast_head":"<!-- This site is optimized with the Yoast SEO plugin v27.3 - https:\/\/yoast.com\/product\/yoast-seo-wordpress\/ -->\n<title>Acheter Bavoirs de bapt\u00eame initiaux ronds flexibles pour b\u00e9b\u00e9 - www.personalizeon.com<\/title>\n<meta name=\"robots\" content=\"index, follow, max-snippet:-1, max-image-preview:large, max-video-preview:-1\" \/>\n<link rel=\"canonical\" href=\"https:\/\/www.personalizeon.com\/fr\/cadeaux-pour-les-baptemes\/aimant-initial-enfant-bapteme-flexible-rond\/\" \/>\n<meta property=\"og:locale\" content=\"fr_FR\" \/>\n<meta property=\"og:type\" content=\"article\" \/>\n<meta property=\"og:title\" content=\"Acheter Bavoirs de bapt\u00eame initiaux ronds flexibles pour b\u00e9b\u00e9 - www.personalizeon.com\" \/>\n<meta property=\"og:description\" content=\"Aimant rond flexible personnalis\u00e9  Aimant circulaire flexible \u00d8 59 mm  Personnalis\u00e9 avec le design de votre choix  Faces imprimables : 1  Aimant rond  Felxible\" \/>\n<meta property=\"og:url\" content=\"https:\/\/www.personalizeon.com\/fr\/cadeaux-pour-les-baptemes\/aimant-initial-enfant-bapteme-flexible-rond\/\" \/>\n<meta property=\"og:site_name\" content=\"www.personalizeon.com\" \/>\n<meta property=\"og:image\" content=\"https:\/\/www.personalizeon.com\/wp-content\/uploads\/PRIMERA-COMUNION-1.jpg\" \/>\n\t<meta property=\"og:image:width\" content=\"851\" \/>\n\t<meta property=\"og:image:height\" content=\"851\" \/>\n\t<meta property=\"og:image:type\" content=\"image\/jpeg\" \/>\n<meta name=\"twitter:card\" content=\"summary_large_image\" \/>\n<script type=\"application\/ld+json\" class=\"yoast-schema-graph\">{\"@context\":\"https:\\\/\\\/schema.org\",\"@graph\":[{\"@type\":\"WebPage\",\"@id\":\"https:\\\/\\\/www.personalizeon.com\\\/fr\\\/cadeaux-pour-les-baptemes\\\/aimant-initial-enfant-bapteme-flexible-rond\\\/\",\"url\":\"https:\\\/\\\/www.personalizeon.com\\\/fr\\\/cadeaux-pour-les-baptemes\\\/aimant-initial-enfant-bapteme-flexible-rond\\\/\",\"name\":\"Acheter Bavoirs de bapt\u00eame initiaux ronds flexibles pour b\u00e9b\u00e9 - www.personalizeon.com\",\"isPartOf\":{\"@id\":\"https:\\\/\\\/www.personalizeon.com\\\/fr\\\/#website\"},\"primaryImageOfPage\":{\"@id\":\"https:\\\/\\\/www.personalizeon.com\\\/fr\\\/cadeaux-pour-les-baptemes\\\/aimant-initial-enfant-bapteme-flexible-rond\\\/#primaryimage\"},\"image\":{\"@id\":\"https:\\\/\\\/www.personalizeon.com\\\/fr\\\/cadeaux-pour-les-baptemes\\\/aimant-initial-enfant-bapteme-flexible-rond\\\/#primaryimage\"},\"thumbnailUrl\":\"https:\\\/\\\/www.personalizeon.com\\\/wp-content\\\/uploads\\\/PRIMERA-COMUNION-1.jpg\",\"datePublished\":\"2021-06-25T10:51:00+00:00\",\"breadcrumb\":{\"@id\":\"https:\\\/\\\/www.personalizeon.com\\\/fr\\\/cadeaux-pour-les-baptemes\\\/aimant-initial-enfant-bapteme-flexible-rond\\\/#breadcrumb\"},\"inLanguage\":\"fr-FR\",\"potentialAction\":[{\"@type\":\"ReadAction\",\"target\":[\"https:\\\/\\\/www.personalizeon.com\\\/fr\\\/cadeaux-pour-les-baptemes\\\/aimant-initial-enfant-bapteme-flexible-rond\\\/\"]}]},{\"@type\":\"ImageObject\",\"inLanguage\":\"fr-FR\",\"@id\":\"https:\\\/\\\/www.personalizeon.com\\\/fr\\\/cadeaux-pour-les-baptemes\\\/aimant-initial-enfant-bapteme-flexible-rond\\\/#primaryimage\",\"url\":\"https:\\\/\\\/www.personalizeon.com\\\/wp-content\\\/uploads\\\/PRIMERA-COMUNION-1.jpg\",\"contentUrl\":\"https:\\\/\\\/www.personalizeon.com\\\/wp-content\\\/uploads\\\/PRIMERA-COMUNION-1.jpg\",\"width\":851,\"height\":851},{\"@type\":\"BreadcrumbList\",\"@id\":\"https:\\\/\\\/www.personalizeon.com\\\/fr\\\/cadeaux-pour-les-baptemes\\\/aimant-initial-enfant-bapteme-flexible-rond\\\/#breadcrumb\",\"itemListElement\":[{\"@type\":\"ListItem\",\"position\":1,\"name\":\"Home\",\"item\":\"https:\\\/\\\/www.personalizeon.com\\\/fr\\\/\"},{\"@type\":\"ListItem\",\"position\":2,\"name\":\"Boutique\",\"item\":\"https:\\\/\\\/www.personalizeon.com\\\/fr\\\/boutique\\\/\"},{\"@type\":\"ListItem\",\"position\":3,\"name\":\"Bavoirs de bapt\u00eame initiaux ronds flexibles pour b\u00e9b\u00e9\"}]},{\"@type\":\"WebSite\",\"@id\":\"https:\\\/\\\/www.personalizeon.com\\\/fr\\\/#website\",\"url\":\"https:\\\/\\\/www.personalizeon.com\\\/fr\\\/\",\"name\":\"www.personalizeon.com\",\"description\":\"Art&iacute;culos personalizados para tu empresa\",\"publisher\":{\"@id\":\"https:\\\/\\\/www.personalizeon.com\\\/fr\\\/#organization\"},\"potentialAction\":[{\"@type\":\"SearchAction\",\"target\":{\"@type\":\"EntryPoint\",\"urlTemplate\":\"https:\\\/\\\/www.personalizeon.com\\\/fr\\\/?s={search_term_string}\"},\"query-input\":{\"@type\":\"PropertyValueSpecification\",\"valueRequired\":true,\"valueName\":\"search_term_string\"}}],\"inLanguage\":\"fr-FR\"},{\"@type\":\"Organization\",\"@id\":\"https:\\\/\\\/www.personalizeon.com\\\/fr\\\/#organization\",\"name\":\"www.personalizeon.com\",\"url\":\"https:\\\/\\\/www.personalizeon.com\\\/fr\\\/\",\"logo\":{\"@type\":\"ImageObject\",\"inLanguage\":\"fr-FR\",\"@id\":\"https:\\\/\\\/www.personalizeon.com\\\/fr\\\/#\\\/schema\\\/logo\\\/image\\\/\",\"url\":\"https:\\\/\\\/www.personalizeon.com\\\/wp-content\\\/uploads\\\/cropped-on-logo-personalizeon.jpg\",\"contentUrl\":\"https:\\\/\\\/www.personalizeon.com\\\/wp-content\\\/uploads\\\/cropped-on-logo-personalizeon.jpg\",\"width\":200,\"height\":119,\"caption\":\"www.personalizeon.com\"},\"image\":{\"@id\":\"https:\\\/\\\/www.personalizeon.com\\\/fr\\\/#\\\/schema\\\/logo\\\/image\\\/\"}}]}<\/script>\n<!-- \/ Yoast SEO plugin. -->","yoast_head_json":{"title":"Acheter Bavoirs de bapt\u00eame initiaux ronds flexibles pour b\u00e9b\u00e9 - www.personalizeon.com","robots":{"index":"index","follow":"follow","max-snippet":"max-snippet:-1","max-image-preview":"max-image-preview:large","max-video-preview":"max-video-preview:-1"},"canonical":"https:\/\/www.personalizeon.com\/fr\/cadeaux-pour-les-baptemes\/aimant-initial-enfant-bapteme-flexible-rond\/","og_locale":"fr_FR","og_type":"article","og_title":"Acheter Bavoirs de bapt\u00eame initiaux ronds flexibles pour b\u00e9b\u00e9 - www.personalizeon.com","og_description":"Aimant rond flexible personnalis\u00e9  Aimant circulaire flexible \u00d8 59 mm  Personnalis\u00e9 avec le design de votre choix  Faces imprimables : 1  Aimant rond  Felxible","og_url":"https:\/\/www.personalizeon.com\/fr\/cadeaux-pour-les-baptemes\/aimant-initial-enfant-bapteme-flexible-rond\/","og_site_name":"www.personalizeon.com","og_image":[{"width":851,"height":851,"url":"https:\/\/www.personalizeon.com\/wp-content\/uploads\/PRIMERA-COMUNION-1.jpg","type":"image\/jpeg"}],"twitter_card":"summary_large_image","schema":{"@context":"https:\/\/schema.org","@graph":[{"@type":"WebPage","@id":"https:\/\/www.personalizeon.com\/fr\/cadeaux-pour-les-baptemes\/aimant-initial-enfant-bapteme-flexible-rond\/","url":"https:\/\/www.personalizeon.com\/fr\/cadeaux-pour-les-baptemes\/aimant-initial-enfant-bapteme-flexible-rond\/","name":"Acheter Bavoirs de bapt\u00eame initiaux ronds flexibles pour b\u00e9b\u00e9 - www.personalizeon.com","isPartOf":{"@id":"https:\/\/www.personalizeon.com\/fr\/#website"},"primaryImageOfPage":{"@id":"https:\/\/www.personalizeon.com\/fr\/cadeaux-pour-les-baptemes\/aimant-initial-enfant-bapteme-flexible-rond\/#primaryimage"},"image":{"@id":"https:\/\/www.personalizeon.com\/fr\/cadeaux-pour-les-baptemes\/aimant-initial-enfant-bapteme-flexible-rond\/#primaryimage"},"thumbnailUrl":"https:\/\/www.personalizeon.com\/wp-content\/uploads\/PRIMERA-COMUNION-1.jpg","datePublished":"2021-06-25T10:51:00+00:00","breadcrumb":{"@id":"https:\/\/www.personalizeon.com\/fr\/cadeaux-pour-les-baptemes\/aimant-initial-enfant-bapteme-flexible-rond\/#breadcrumb"},"inLanguage":"fr-FR","potentialAction":[{"@type":"ReadAction","target":["https:\/\/www.personalizeon.com\/fr\/cadeaux-pour-les-baptemes\/aimant-initial-enfant-bapteme-flexible-rond\/"]}]},{"@type":"ImageObject","inLanguage":"fr-FR","@id":"https:\/\/www.personalizeon.com\/fr\/cadeaux-pour-les-baptemes\/aimant-initial-enfant-bapteme-flexible-rond\/#primaryimage","url":"https:\/\/www.personalizeon.com\/wp-content\/uploads\/PRIMERA-COMUNION-1.jpg","contentUrl":"https:\/\/www.personalizeon.com\/wp-content\/uploads\/PRIMERA-COMUNION-1.jpg","width":851,"height":851},{"@type":"BreadcrumbList","@id":"https:\/\/www.personalizeon.com\/fr\/cadeaux-pour-les-baptemes\/aimant-initial-enfant-bapteme-flexible-rond\/#breadcrumb","itemListElement":[{"@type":"ListItem","position":1,"name":"Home","item":"https:\/\/www.personalizeon.com\/fr\/"},{"@type":"ListItem","position":2,"name":"Boutique","item":"https:\/\/www.personalizeon.com\/fr\/boutique\/"},{"@type":"ListItem","position":3,"name":"Bavoirs de bapt\u00eame initiaux ronds flexibles pour b\u00e9b\u00e9"}]},{"@type":"WebSite","@id":"https:\/\/www.personalizeon.com\/fr\/#website","url":"https:\/\/www.personalizeon.com\/fr\/","name":"www.personalizeon.com","description":"Art&iacute;culos personalizados para tu empresa","publisher":{"@id":"https:\/\/www.personalizeon.com\/fr\/#organization"},"potentialAction":[{"@type":"SearchAction","target":{"@type":"EntryPoint","urlTemplate":"https:\/\/www.personalizeon.com\/fr\/?s={search_term_string}"},"query-input":{"@type":"PropertyValueSpecification","valueRequired":true,"valueName":"search_term_string"}}],"inLanguage":"fr-FR"},{"@type":"Organization","@id":"https:\/\/www.personalizeon.com\/fr\/#organization","name":"www.personalizeon.com","url":"https:\/\/www.personalizeon.com\/fr\/","logo":{"@type":"ImageObject","inLanguage":"fr-FR","@id":"https:\/\/www.personalizeon.com\/fr\/#\/schema\/logo\/image\/","url":"https:\/\/www.personalizeon.com\/wp-content\/uploads\/cropped-on-logo-personalizeon.jpg","contentUrl":"https:\/\/www.personalizeon.com\/wp-content\/uploads\/cropped-on-logo-personalizeon.jpg","width":200,"height":119,"caption":"www.personalizeon.com"},"image":{"@id":"https:\/\/www.personalizeon.com\/fr\/#\/schema\/logo\/image\/"}}]}},"tiered_pricing_type":"fixed","tiered_pricing_fixed_rules":{"50":1.55,"100":1.52,"150":1.5,"500":1.48,"1000":1.4},"tiered_pricing_product_settings":{"layout":"default","base_unit_name":{"singular":null,"plural":null},"default_variation":null},"tiered_pricing_minimum_quantity":null,"tiered_pricing_roles_data":[],"tiered_pricing_percentage_rules":[],"_links":{"self":[{"href":"https:\/\/www.personalizeon.com\/fr\/wp-json\/wp\/v2\/product\/4478","targetHints":{"allow":["GET"]}}],"collection":[{"href":"https:\/\/www.personalizeon.com\/fr\/wp-json\/wp\/v2\/product"}],"about":[{"href":"https:\/\/www.personalizeon.com\/fr\/wp-json\/wp\/v2\/types\/product"}],"replies":[{"embeddable":true,"href":"https:\/\/www.personalizeon.com\/fr\/wp-json\/wp\/v2\/comments?post=4478"}],"version-history":[{"count":0,"href":"https:\/\/www.personalizeon.com\/fr\/wp-json\/wp\/v2\/product\/4478\/revisions"}],"wp:featuredmedia":[{"embeddable":true,"href":"https:\/\/www.personalizeon.com\/fr\/wp-json\/wp\/v2\/media\/4314"}],"wp:attachment":[{"href":"https:\/\/www.personalizeon.com\/fr\/wp-json\/wp\/v2\/media?parent=4478"}],"wp:term":[{"taxonomy":"product_brand","embeddable":true,"href":"https:\/\/www.personalizeon.com\/fr\/wp-json\/wp\/v2\/product_brand?post=4478"},{"taxonomy":"product_cat","embeddable":true,"href":"https:\/\/www.personalizeon.com\/fr\/wp-json\/wp\/v2\/product_cat?post=4478"},{"taxonomy":"product_tag","embeddable":true,"href":"https:\/\/www.personalizeon.com\/fr\/wp-json\/wp\/v2\/product_tag?post=4478"}],"curies":[{"name":"wp","href":"https:\/\/api.w.org\/{rel}","templated":true}]}}