{"id":4446,"date":"2020-12-07T14:55:09","date_gmt":"2020-12-07T13:25:09","guid":{"rendered":"https:\/\/www.personalizeon.com\/non class\u00e9\/marque-pages-magnetiques-en-bois\/"},"modified":"2020-12-07T14:55:09","modified_gmt":"2020-12-07T13:25:09","slug":"marqueurs-de-site-bois-iman","status":"publish","type":"product","link":"https:\/\/www.personalizeon.com\/fr\/aimants-pour-les-entreprises\/marqueurs-de-site-bois-iman\/","title":{"rendered":"marque-pages magn\u00e9tiques en bois"},"content":{"rendered":"<p>Des <strong>marque-places en bois avec <\/strong><b>aimant<\/b> pour d\u00e9signer la place de chaque invit\u00e9 comme un beau souvenir de l&rsquo;\u00e9v\u00e9nement.<\/p>\n","protected":false},"excerpt":{"rendered":"<p><strong>Porte-places en bois avec <\/strong><b>aimant<\/b> pour la personnalisation<\/p>\n<ul>\n<li>Personnalis\u00e9 avec le design de votre choix<\/li>\n<li>Mat\u00e9riau en bois sculpt\u00e9 au laser<\/li>\n<\/ul>\n","protected":false},"featured_media":4171,"comment_status":"open","ping_status":"closed","template":"","meta":{"_acf_changed":false,"_joinchat":[]},"product_brand":[],"product_cat":[197,190,167,195,172,196,194,192],"product_tag":[],"class_list":{"0":"post-4446","1":"product","2":"type-product","3":"status-publish","4":"has-post-thumbnail","6":"product_cat-aimants-danniversaire","7":"product_cat-aimants-en-bois","8":"product_cat-aimants-personnalises","9":"product_cat-aimants-pour-les-communions","10":"product_cat-aimants-pour-les-entreprises","11":"product_cat-aimants-pour-les-mariages","12":"product_cat-aimants-publicitaires","13":"product_cat-aimants-souvenirs","15":"first","16":"outofstock","17":"taxable","18":"shipping-taxable","19":"purchasable","20":"product-type-simple"},"acf":[],"yoast_head":"<!-- This site is optimized with the Yoast SEO plugin v27.4 - https:\/\/yoast.com\/product\/yoast-seo-wordpress\/ -->\n<title>Acheter une marque-pages magn\u00e9tiques en bois \u00e0 partir de 0,80\u20ac | www.personalizeon.com<\/title>\n<meta name=\"robots\" content=\"index, follow, max-snippet:-1, max-image-preview:large, max-video-preview:-1\" \/>\n<link rel=\"canonical\" href=\"https:\/\/www.personalizeon.com\/fr\/aimants-pour-les-entreprises\/marqueurs-de-site-bois-iman\/\" \/>\n<meta property=\"og:locale\" content=\"fr_FR\" \/>\n<meta property=\"og:type\" content=\"article\" \/>\n<meta property=\"og:title\" content=\"Acheter une marque-pages magn\u00e9tiques en bois \u00e0 partir de 0,80\u20ac | www.personalizeon.com\" \/>\n<meta property=\"og:description\" content=\"Porte-places en bois avec aimant pour la personnalisation  Personnalis\u00e9 avec le design de votre choix  Mat\u00e9riau en bois sculpt\u00e9 au laser\" \/>\n<meta property=\"og:url\" content=\"https:\/\/www.personalizeon.com\/fr\/aimants-pour-les-entreprises\/marqueurs-de-site-bois-iman\/\" \/>\n<meta property=\"og:site_name\" content=\"www.personalizeon.com\" \/>\n<meta property=\"og:image\" content=\"https:\/\/www.personalizeon.com\/wp-content\/uploads\/marca-sitios-nombres-iman.jpg\" \/>\n\t<meta property=\"og:image:width\" content=\"490\" \/>\n\t<meta property=\"og:image:height\" content=\"560\" \/>\n\t<meta property=\"og:image:type\" content=\"image\/jpeg\" \/>\n<meta name=\"twitter:card\" content=\"summary_large_image\" \/>\n<script type=\"application\/ld+json\" class=\"yoast-schema-graph\">{\"@context\":\"https:\\\/\\\/schema.org\",\"@graph\":[{\"@type\":\"WebPage\",\"@id\":\"https:\\\/\\\/www.personalizeon.com\\\/fr\\\/aimants-pour-les-entreprises\\\/marqueurs-de-site-bois-iman\\\/\",\"url\":\"https:\\\/\\\/www.personalizeon.com\\\/fr\\\/aimants-pour-les-entreprises\\\/marqueurs-de-site-bois-iman\\\/\",\"name\":\"Acheter une marque-pages magn\u00e9tiques en bois \u00e0 partir de 0,80\u20ac | www.personalizeon.com\",\"isPartOf\":{\"@id\":\"https:\\\/\\\/www.personalizeon.com\\\/fr\\\/#website\"},\"primaryImageOfPage\":{\"@id\":\"https:\\\/\\\/www.personalizeon.com\\\/fr\\\/aimants-pour-les-entreprises\\\/marqueurs-de-site-bois-iman\\\/#primaryimage\"},\"image\":{\"@id\":\"https:\\\/\\\/www.personalizeon.com\\\/fr\\\/aimants-pour-les-entreprises\\\/marqueurs-de-site-bois-iman\\\/#primaryimage\"},\"thumbnailUrl\":\"https:\\\/\\\/www.personalizeon.com\\\/wp-content\\\/uploads\\\/marca-sitios-nombres-iman.jpg\",\"datePublished\":\"2020-12-07T13:25:09+00:00\",\"breadcrumb\":{\"@id\":\"https:\\\/\\\/www.personalizeon.com\\\/fr\\\/aimants-pour-les-entreprises\\\/marqueurs-de-site-bois-iman\\\/#breadcrumb\"},\"inLanguage\":\"fr-FR\",\"potentialAction\":[{\"@type\":\"ReadAction\",\"target\":[\"https:\\\/\\\/www.personalizeon.com\\\/fr\\\/aimants-pour-les-entreprises\\\/marqueurs-de-site-bois-iman\\\/\"]}]},{\"@type\":\"ImageObject\",\"inLanguage\":\"fr-FR\",\"@id\":\"https:\\\/\\\/www.personalizeon.com\\\/fr\\\/aimants-pour-les-entreprises\\\/marqueurs-de-site-bois-iman\\\/#primaryimage\",\"url\":\"https:\\\/\\\/www.personalizeon.com\\\/wp-content\\\/uploads\\\/marca-sitios-nombres-iman.jpg\",\"contentUrl\":\"https:\\\/\\\/www.personalizeon.com\\\/wp-content\\\/uploads\\\/marca-sitios-nombres-iman.jpg\",\"width\":490,\"height\":560,\"caption\":\"marque-pages magn\u00e9tiques en bois\"},{\"@type\":\"BreadcrumbList\",\"@id\":\"https:\\\/\\\/www.personalizeon.com\\\/fr\\\/aimants-pour-les-entreprises\\\/marqueurs-de-site-bois-iman\\\/#breadcrumb\",\"itemListElement\":[{\"@type\":\"ListItem\",\"position\":1,\"name\":\"Home\",\"item\":\"https:\\\/\\\/www.personalizeon.com\\\/fr\\\/\"},{\"@type\":\"ListItem\",\"position\":2,\"name\":\"Boutique\",\"item\":\"https:\\\/\\\/www.personalizeon.com\\\/fr\\\/boutique\\\/\"},{\"@type\":\"ListItem\",\"position\":3,\"name\":\"marque-pages magn\u00e9tiques en bois\"}]},{\"@type\":\"WebSite\",\"@id\":\"https:\\\/\\\/www.personalizeon.com\\\/fr\\\/#website\",\"url\":\"https:\\\/\\\/www.personalizeon.com\\\/fr\\\/\",\"name\":\"www.personalizeon.com\",\"description\":\"Art&iacute;culos personalizados para tu empresa\",\"publisher\":{\"@id\":\"https:\\\/\\\/www.personalizeon.com\\\/fr\\\/#organization\"},\"potentialAction\":[{\"@type\":\"SearchAction\",\"target\":{\"@type\":\"EntryPoint\",\"urlTemplate\":\"https:\\\/\\\/www.personalizeon.com\\\/fr\\\/?s={search_term_string}\"},\"query-input\":{\"@type\":\"PropertyValueSpecification\",\"valueRequired\":true,\"valueName\":\"search_term_string\"}}],\"inLanguage\":\"fr-FR\"},{\"@type\":\"Organization\",\"@id\":\"https:\\\/\\\/www.personalizeon.com\\\/fr\\\/#organization\",\"name\":\"www.personalizeon.com\",\"url\":\"https:\\\/\\\/www.personalizeon.com\\\/fr\\\/\",\"logo\":{\"@type\":\"ImageObject\",\"inLanguage\":\"fr-FR\",\"@id\":\"https:\\\/\\\/www.personalizeon.com\\\/fr\\\/#\\\/schema\\\/logo\\\/image\\\/\",\"url\":\"https:\\\/\\\/www.personalizeon.com\\\/wp-content\\\/uploads\\\/cropped-on-logo-personalizeon.jpg\",\"contentUrl\":\"https:\\\/\\\/www.personalizeon.com\\\/wp-content\\\/uploads\\\/cropped-on-logo-personalizeon.jpg\",\"width\":200,\"height\":119,\"caption\":\"www.personalizeon.com\"},\"image\":{\"@id\":\"https:\\\/\\\/www.personalizeon.com\\\/fr\\\/#\\\/schema\\\/logo\\\/image\\\/\"}}]}<\/script>\n<!-- \/ Yoast SEO plugin. -->","yoast_head_json":{"title":"Acheter une marque-pages magn\u00e9tiques en bois \u00e0 partir de 0,80\u20ac | www.personalizeon.com","robots":{"index":"index","follow":"follow","max-snippet":"max-snippet:-1","max-image-preview":"max-image-preview:large","max-video-preview":"max-video-preview:-1"},"canonical":"https:\/\/www.personalizeon.com\/fr\/aimants-pour-les-entreprises\/marqueurs-de-site-bois-iman\/","og_locale":"fr_FR","og_type":"article","og_title":"Acheter une marque-pages magn\u00e9tiques en bois \u00e0 partir de 0,80\u20ac | www.personalizeon.com","og_description":"Porte-places en bois avec aimant pour la personnalisation  Personnalis\u00e9 avec le design de votre choix  Mat\u00e9riau en bois sculpt\u00e9 au laser","og_url":"https:\/\/www.personalizeon.com\/fr\/aimants-pour-les-entreprises\/marqueurs-de-site-bois-iman\/","og_site_name":"www.personalizeon.com","og_image":[{"width":490,"height":560,"url":"https:\/\/www.personalizeon.com\/wp-content\/uploads\/marca-sitios-nombres-iman.jpg","type":"image\/jpeg"}],"twitter_card":"summary_large_image","schema":{"@context":"https:\/\/schema.org","@graph":[{"@type":"WebPage","@id":"https:\/\/www.personalizeon.com\/fr\/aimants-pour-les-entreprises\/marqueurs-de-site-bois-iman\/","url":"https:\/\/www.personalizeon.com\/fr\/aimants-pour-les-entreprises\/marqueurs-de-site-bois-iman\/","name":"Acheter une marque-pages magn\u00e9tiques en bois \u00e0 partir de 0,80\u20ac | www.personalizeon.com","isPartOf":{"@id":"https:\/\/www.personalizeon.com\/fr\/#website"},"primaryImageOfPage":{"@id":"https:\/\/www.personalizeon.com\/fr\/aimants-pour-les-entreprises\/marqueurs-de-site-bois-iman\/#primaryimage"},"image":{"@id":"https:\/\/www.personalizeon.com\/fr\/aimants-pour-les-entreprises\/marqueurs-de-site-bois-iman\/#primaryimage"},"thumbnailUrl":"https:\/\/www.personalizeon.com\/wp-content\/uploads\/marca-sitios-nombres-iman.jpg","datePublished":"2020-12-07T13:25:09+00:00","breadcrumb":{"@id":"https:\/\/www.personalizeon.com\/fr\/aimants-pour-les-entreprises\/marqueurs-de-site-bois-iman\/#breadcrumb"},"inLanguage":"fr-FR","potentialAction":[{"@type":"ReadAction","target":["https:\/\/www.personalizeon.com\/fr\/aimants-pour-les-entreprises\/marqueurs-de-site-bois-iman\/"]}]},{"@type":"ImageObject","inLanguage":"fr-FR","@id":"https:\/\/www.personalizeon.com\/fr\/aimants-pour-les-entreprises\/marqueurs-de-site-bois-iman\/#primaryimage","url":"https:\/\/www.personalizeon.com\/wp-content\/uploads\/marca-sitios-nombres-iman.jpg","contentUrl":"https:\/\/www.personalizeon.com\/wp-content\/uploads\/marca-sitios-nombres-iman.jpg","width":490,"height":560,"caption":"marque-pages magn\u00e9tiques en bois"},{"@type":"BreadcrumbList","@id":"https:\/\/www.personalizeon.com\/fr\/aimants-pour-les-entreprises\/marqueurs-de-site-bois-iman\/#breadcrumb","itemListElement":[{"@type":"ListItem","position":1,"name":"Home","item":"https:\/\/www.personalizeon.com\/fr\/"},{"@type":"ListItem","position":2,"name":"Boutique","item":"https:\/\/www.personalizeon.com\/fr\/boutique\/"},{"@type":"ListItem","position":3,"name":"marque-pages magn\u00e9tiques en bois"}]},{"@type":"WebSite","@id":"https:\/\/www.personalizeon.com\/fr\/#website","url":"https:\/\/www.personalizeon.com\/fr\/","name":"www.personalizeon.com","description":"Art&iacute;culos personalizados para tu empresa","publisher":{"@id":"https:\/\/www.personalizeon.com\/fr\/#organization"},"potentialAction":[{"@type":"SearchAction","target":{"@type":"EntryPoint","urlTemplate":"https:\/\/www.personalizeon.com\/fr\/?s={search_term_string}"},"query-input":{"@type":"PropertyValueSpecification","valueRequired":true,"valueName":"search_term_string"}}],"inLanguage":"fr-FR"},{"@type":"Organization","@id":"https:\/\/www.personalizeon.com\/fr\/#organization","name":"www.personalizeon.com","url":"https:\/\/www.personalizeon.com\/fr\/","logo":{"@type":"ImageObject","inLanguage":"fr-FR","@id":"https:\/\/www.personalizeon.com\/fr\/#\/schema\/logo\/image\/","url":"https:\/\/www.personalizeon.com\/wp-content\/uploads\/cropped-on-logo-personalizeon.jpg","contentUrl":"https:\/\/www.personalizeon.com\/wp-content\/uploads\/cropped-on-logo-personalizeon.jpg","width":200,"height":119,"caption":"www.personalizeon.com"},"image":{"@id":"https:\/\/www.personalizeon.com\/fr\/#\/schema\/logo\/image\/"}}]}},"tiered_pricing_type":"fixed","tiered_pricing_fixed_rules":{"50":0.64,"100":0.46,"500":0.36,"1000":0.29},"tiered_pricing_product_settings":{"layout":"default","base_unit_name":{"singular":null,"plural":null},"default_variation":null},"tiered_pricing_minimum_quantity":null,"tiered_pricing_roles_data":[],"tiered_pricing_percentage_rules":[],"_links":{"self":[{"href":"https:\/\/www.personalizeon.com\/fr\/wp-json\/wp\/v2\/product\/4446","targetHints":{"allow":["GET"]}}],"collection":[{"href":"https:\/\/www.personalizeon.com\/fr\/wp-json\/wp\/v2\/product"}],"about":[{"href":"https:\/\/www.personalizeon.com\/fr\/wp-json\/wp\/v2\/types\/product"}],"replies":[{"embeddable":true,"href":"https:\/\/www.personalizeon.com\/fr\/wp-json\/wp\/v2\/comments?post=4446"}],"version-history":[{"count":0,"href":"https:\/\/www.personalizeon.com\/fr\/wp-json\/wp\/v2\/product\/4446\/revisions"}],"wp:featuredmedia":[{"embeddable":true,"href":"https:\/\/www.personalizeon.com\/fr\/wp-json\/wp\/v2\/media\/4171"}],"wp:attachment":[{"href":"https:\/\/www.personalizeon.com\/fr\/wp-json\/wp\/v2\/media?parent=4446"}],"wp:term":[{"taxonomy":"product_brand","embeddable":true,"href":"https:\/\/www.personalizeon.com\/fr\/wp-json\/wp\/v2\/product_brand?post=4446"},{"taxonomy":"product_cat","embeddable":true,"href":"https:\/\/www.personalizeon.com\/fr\/wp-json\/wp\/v2\/product_cat?post=4446"},{"taxonomy":"product_tag","embeddable":true,"href":"https:\/\/www.personalizeon.com\/fr\/wp-json\/wp\/v2\/product_tag?post=4446"}],"curies":[{"name":"wp","href":"https:\/\/api.w.org\/{rel}","templated":true}]}}