{"id":4388,"date":"2020-05-21T10:58:51","date_gmt":"2020-05-21T09:28:51","guid":{"rendered":"https:\/\/www.personalizeon.com\/non class\u00e9\/tasse-en-ceramique-de-couleur-a-personnaliser\/"},"modified":"2024-03-17T08:53:24","modified_gmt":"2024-03-17T07:23:24","slug":"tasse-en-ceramique-coloree-a-personnaliser","status":"publish","type":"product","link":"https:\/\/www.personalizeon.com\/fr\/aimants-ouvre-bouteilles\/tasse-en-ceramique-coloree-a-personnaliser\/","title":{"rendered":"Tasse en c\u00e9ramique de couleur \u00e0 personnaliser"},"content":{"rendered":"<p>Achetez des <strong>tasses personnalis\u00e9es bon march\u00e9<\/strong> de mani\u00e8re pratique sur notre site.<\/p>\n<p>Tasses personnalis\u00e9es pour les promotions, la publicit\u00e9, les cadeaux d&rsquo;entreprise. Tasses blanches personnalis\u00e9es en couleur par sublimation. La personnalisation par sublimation peut varier l\u00e9g\u00e8rement dans les nuances de couleur. Nous ne pouvons pas garantir les couleurs exactes ou Pantone, pour ces cas, la personnalisation doit \u00eatre faite par s\u00e9rigraphie \u00e0 partir de 100 pi\u00e8ces (demander le prix).<\/p>\n","protected":false},"excerpt":{"rendered":"<p>Sp\u00e9cifications de la tasse :<\/p>\n<ul>\n<li>Mat\u00e9riau : C\u00e9ramique<\/li>\n<li>Capacit\u00e9 : 350 ml.<\/li>\n<li>Bo\u00eete individuelle en carton incluse<\/li>\n<li>Mesures : 0 x 9,6 x 0 cm | \u00d8 8,2<\/li>\n<li>Lavable au lave-vaisselle et au micro-ondes<\/li>\n<li>Personnalisez avec des photos, du texte.<\/li>\n<\/ul>\n<p>&nbsp;<\/p>\n<p>Si <strong>vous cherchez d&rsquo;autres options,<\/strong> vous trouverez ici notre catalogue d&rsquo;articles suivants <em><br \/>\n  <strong><br \/>\n    <a href=\"https:\/\/www.personalizeon.com\/tazas-personalizadas\/\" target=\"_blank\" rel=\"noopener noreferrer\">mugs personnalis\u00e9s<\/a><br \/>\n  <\/strong><br \/>\n<\/em><\/p>\n<p><strong>Besoin d&rsquo;un coup de main ?<\/strong> Obtenez l&rsquo;aide d&rsquo;un expert en design sur <strong>Whatsapp<\/strong><\/p>\n","protected":false},"featured_media":4104,"comment_status":"open","ping_status":"closed","template":"","meta":{"_acf_changed":false,"_joinchat":[]},"product_brand":[],"product_cat":[174,162,179,184,160,175,185,178,180,181,182,183],"product_tag":[],"class_list":{"0":"post-4388","1":"product","2":"type-product","3":"status-publish","4":"has-post-thumbnail","6":"product_cat-aimants-ouvre-bouteilles","7":"product_cat-mugs-cadeaux","8":"product_cat-tasses-de-communion","9":"product_cat-tasses-de-la-saint-valentin","10":"product_cat-tasses-de-mariage","11":"product_cat-tasses-personnalisees","12":"product_cat-tasses-pour-les-baptemes","13":"product_cat-tasses-pour-les-enseignants","14":"product_cat-tasses-pour-les-grands-meres","15":"product_cat-tasses-pour-les-grands-parents","16":"product_cat-tasses-pour-les-meres","17":"product_cat-tasses-pour-les-parents","19":"first","20":"outofstock","21":"taxable","22":"shipping-taxable","23":"purchasable","24":"product-type-simple"},"acf":[],"yoast_head":"<!-- This site is optimized with the Yoast SEO plugin v27.3 - https:\/\/yoast.com\/product\/yoast-seo-wordpress\/ -->\n<title>Tasse en c\u00e9ramique de couleur \u00e0 personnaliser - www.personalizeon.com<\/title>\n<meta name=\"robots\" content=\"index, follow, max-snippet:-1, max-image-preview:large, max-video-preview:-1\" \/>\n<link rel=\"canonical\" href=\"https:\/\/www.personalizeon.com\/fr\/aimants-ouvre-bouteilles\/tasse-en-ceramique-coloree-a-personnaliser\/\" \/>\n<meta property=\"og:locale\" content=\"fr_FR\" \/>\n<meta property=\"og:type\" content=\"article\" \/>\n<meta property=\"og:title\" content=\"Tasse en c\u00e9ramique de couleur \u00e0 personnaliser - www.personalizeon.com\" \/>\n<meta property=\"og:description\" content=\"Sp\u00e9cifications de la tasse :  Mat\u00e9riau : C\u00e9ramique  Capacit\u00e9 : 350 ml.  Bo\u00eete individuelle en carton incluse  Mesures : 0 x 9,6 x 0 cm | \u00d8 8,2  Lavable au lave-vaisselle et au micro-ondes  Personnalisez avec des photos, du texte. &nbsp; Si vous cherchez d&#039;autres options, vous trouverez ici notre catalogue d&#039;articles suivants     mugs personnalis\u00e9s   Besoin d&#039;un coup de main ? Obtenez l&#039;aide d&#039;un expert en design sur Whatsapp\" \/>\n<meta property=\"og:url\" content=\"https:\/\/www.personalizeon.com\/fr\/aimants-ouvre-bouteilles\/tasse-en-ceramique-coloree-a-personnaliser\/\" \/>\n<meta property=\"og:site_name\" content=\"www.personalizeon.com\" \/>\n<meta property=\"article:modified_time\" content=\"2024-03-17T07:23:24+00:00\" \/>\n<meta property=\"og:image\" content=\"https:\/\/www.personalizeon.com\/wp-content\/uploads\/thumbnail_taza-cer\u00e1mica-de-colores-personalizadas-300x300-1.jpg\" \/>\n\t<meta property=\"og:image:width\" content=\"300\" \/>\n\t<meta property=\"og:image:height\" content=\"300\" \/>\n\t<meta property=\"og:image:type\" content=\"image\/jpeg\" \/>\n<meta name=\"twitter:card\" content=\"summary_large_image\" \/>\n<script type=\"application\/ld+json\" class=\"yoast-schema-graph\">{\"@context\":\"https:\\\/\\\/schema.org\",\"@graph\":[{\"@type\":\"WebPage\",\"@id\":\"https:\\\/\\\/www.personalizeon.com\\\/fr\\\/aimants-ouvre-bouteilles\\\/tasse-en-ceramique-coloree-a-personnaliser\\\/\",\"url\":\"https:\\\/\\\/www.personalizeon.com\\\/fr\\\/aimants-ouvre-bouteilles\\\/tasse-en-ceramique-coloree-a-personnaliser\\\/\",\"name\":\"Tasse en c\u00e9ramique de couleur \u00e0 personnaliser - www.personalizeon.com\",\"isPartOf\":{\"@id\":\"https:\\\/\\\/www.personalizeon.com\\\/fr\\\/#website\"},\"primaryImageOfPage\":{\"@id\":\"https:\\\/\\\/www.personalizeon.com\\\/fr\\\/aimants-ouvre-bouteilles\\\/tasse-en-ceramique-coloree-a-personnaliser\\\/#primaryimage\"},\"image\":{\"@id\":\"https:\\\/\\\/www.personalizeon.com\\\/fr\\\/aimants-ouvre-bouteilles\\\/tasse-en-ceramique-coloree-a-personnaliser\\\/#primaryimage\"},\"thumbnailUrl\":\"https:\\\/\\\/www.personalizeon.com\\\/wp-content\\\/uploads\\\/thumbnail_taza-cer\u00e1mica-de-colores-personalizadas-300x300-1.jpg\",\"datePublished\":\"2020-05-21T09:28:51+00:00\",\"dateModified\":\"2024-03-17T07:23:24+00:00\",\"breadcrumb\":{\"@id\":\"https:\\\/\\\/www.personalizeon.com\\\/fr\\\/aimants-ouvre-bouteilles\\\/tasse-en-ceramique-coloree-a-personnaliser\\\/#breadcrumb\"},\"inLanguage\":\"fr-FR\",\"potentialAction\":[{\"@type\":\"ReadAction\",\"target\":[\"https:\\\/\\\/www.personalizeon.com\\\/fr\\\/aimants-ouvre-bouteilles\\\/tasse-en-ceramique-coloree-a-personnaliser\\\/\"]}]},{\"@type\":\"ImageObject\",\"inLanguage\":\"fr-FR\",\"@id\":\"https:\\\/\\\/www.personalizeon.com\\\/fr\\\/aimants-ouvre-bouteilles\\\/tasse-en-ceramique-coloree-a-personnaliser\\\/#primaryimage\",\"url\":\"https:\\\/\\\/www.personalizeon.com\\\/wp-content\\\/uploads\\\/thumbnail_taza-cer\u00e1mica-de-colores-personalizadas-300x300-1.jpg\",\"contentUrl\":\"https:\\\/\\\/www.personalizeon.com\\\/wp-content\\\/uploads\\\/thumbnail_taza-cer\u00e1mica-de-colores-personalizadas-300x300-1.jpg\",\"width\":300,\"height\":300,\"caption\":\"Tasse en c\u00e9ramique color\u00e9e personnalis\u00e9e\"},{\"@type\":\"BreadcrumbList\",\"@id\":\"https:\\\/\\\/www.personalizeon.com\\\/fr\\\/aimants-ouvre-bouteilles\\\/tasse-en-ceramique-coloree-a-personnaliser\\\/#breadcrumb\",\"itemListElement\":[{\"@type\":\"ListItem\",\"position\":1,\"name\":\"Home\",\"item\":\"https:\\\/\\\/www.personalizeon.com\\\/fr\\\/\"},{\"@type\":\"ListItem\",\"position\":2,\"name\":\"Boutique\",\"item\":\"https:\\\/\\\/www.personalizeon.com\\\/fr\\\/boutique\\\/\"},{\"@type\":\"ListItem\",\"position\":3,\"name\":\"Tasse en c\u00e9ramique de couleur \u00e0 personnaliser\"}]},{\"@type\":\"WebSite\",\"@id\":\"https:\\\/\\\/www.personalizeon.com\\\/fr\\\/#website\",\"url\":\"https:\\\/\\\/www.personalizeon.com\\\/fr\\\/\",\"name\":\"www.personalizeon.com\",\"description\":\"Art&iacute;culos personalizados para tu empresa\",\"publisher\":{\"@id\":\"https:\\\/\\\/www.personalizeon.com\\\/fr\\\/#organization\"},\"potentialAction\":[{\"@type\":\"SearchAction\",\"target\":{\"@type\":\"EntryPoint\",\"urlTemplate\":\"https:\\\/\\\/www.personalizeon.com\\\/fr\\\/?s={search_term_string}\"},\"query-input\":{\"@type\":\"PropertyValueSpecification\",\"valueRequired\":true,\"valueName\":\"search_term_string\"}}],\"inLanguage\":\"fr-FR\"},{\"@type\":\"Organization\",\"@id\":\"https:\\\/\\\/www.personalizeon.com\\\/fr\\\/#organization\",\"name\":\"www.personalizeon.com\",\"url\":\"https:\\\/\\\/www.personalizeon.com\\\/fr\\\/\",\"logo\":{\"@type\":\"ImageObject\",\"inLanguage\":\"fr-FR\",\"@id\":\"https:\\\/\\\/www.personalizeon.com\\\/fr\\\/#\\\/schema\\\/logo\\\/image\\\/\",\"url\":\"https:\\\/\\\/www.personalizeon.com\\\/wp-content\\\/uploads\\\/cropped-on-logo-personalizeon.jpg\",\"contentUrl\":\"https:\\\/\\\/www.personalizeon.com\\\/wp-content\\\/uploads\\\/cropped-on-logo-personalizeon.jpg\",\"width\":200,\"height\":119,\"caption\":\"www.personalizeon.com\"},\"image\":{\"@id\":\"https:\\\/\\\/www.personalizeon.com\\\/fr\\\/#\\\/schema\\\/logo\\\/image\\\/\"}}]}<\/script>\n<!-- \/ Yoast SEO plugin. -->","yoast_head_json":{"title":"Tasse en c\u00e9ramique de couleur \u00e0 personnaliser - www.personalizeon.com","robots":{"index":"index","follow":"follow","max-snippet":"max-snippet:-1","max-image-preview":"max-image-preview:large","max-video-preview":"max-video-preview:-1"},"canonical":"https:\/\/www.personalizeon.com\/fr\/aimants-ouvre-bouteilles\/tasse-en-ceramique-coloree-a-personnaliser\/","og_locale":"fr_FR","og_type":"article","og_title":"Tasse en c\u00e9ramique de couleur \u00e0 personnaliser - www.personalizeon.com","og_description":"Sp\u00e9cifications de la tasse :  Mat\u00e9riau : C\u00e9ramique  Capacit\u00e9 : 350 ml.  Bo\u00eete individuelle en carton incluse  Mesures : 0 x 9,6 x 0 cm | \u00d8 8,2  Lavable au lave-vaisselle et au micro-ondes  Personnalisez avec des photos, du texte. &nbsp; Si vous cherchez d'autres options, vous trouverez ici notre catalogue d'articles suivants     mugs personnalis\u00e9s   Besoin d'un coup de main ? Obtenez l'aide d'un expert en design sur Whatsapp","og_url":"https:\/\/www.personalizeon.com\/fr\/aimants-ouvre-bouteilles\/tasse-en-ceramique-coloree-a-personnaliser\/","og_site_name":"www.personalizeon.com","article_modified_time":"2024-03-17T07:23:24+00:00","og_image":[{"width":300,"height":300,"url":"https:\/\/www.personalizeon.com\/wp-content\/uploads\/thumbnail_taza-cer\u00e1mica-de-colores-personalizadas-300x300-1.jpg","type":"image\/jpeg"}],"twitter_card":"summary_large_image","schema":{"@context":"https:\/\/schema.org","@graph":[{"@type":"WebPage","@id":"https:\/\/www.personalizeon.com\/fr\/aimants-ouvre-bouteilles\/tasse-en-ceramique-coloree-a-personnaliser\/","url":"https:\/\/www.personalizeon.com\/fr\/aimants-ouvre-bouteilles\/tasse-en-ceramique-coloree-a-personnaliser\/","name":"Tasse en c\u00e9ramique de couleur \u00e0 personnaliser - www.personalizeon.com","isPartOf":{"@id":"https:\/\/www.personalizeon.com\/fr\/#website"},"primaryImageOfPage":{"@id":"https:\/\/www.personalizeon.com\/fr\/aimants-ouvre-bouteilles\/tasse-en-ceramique-coloree-a-personnaliser\/#primaryimage"},"image":{"@id":"https:\/\/www.personalizeon.com\/fr\/aimants-ouvre-bouteilles\/tasse-en-ceramique-coloree-a-personnaliser\/#primaryimage"},"thumbnailUrl":"https:\/\/www.personalizeon.com\/wp-content\/uploads\/thumbnail_taza-cer\u00e1mica-de-colores-personalizadas-300x300-1.jpg","datePublished":"2020-05-21T09:28:51+00:00","dateModified":"2024-03-17T07:23:24+00:00","breadcrumb":{"@id":"https:\/\/www.personalizeon.com\/fr\/aimants-ouvre-bouteilles\/tasse-en-ceramique-coloree-a-personnaliser\/#breadcrumb"},"inLanguage":"fr-FR","potentialAction":[{"@type":"ReadAction","target":["https:\/\/www.personalizeon.com\/fr\/aimants-ouvre-bouteilles\/tasse-en-ceramique-coloree-a-personnaliser\/"]}]},{"@type":"ImageObject","inLanguage":"fr-FR","@id":"https:\/\/www.personalizeon.com\/fr\/aimants-ouvre-bouteilles\/tasse-en-ceramique-coloree-a-personnaliser\/#primaryimage","url":"https:\/\/www.personalizeon.com\/wp-content\/uploads\/thumbnail_taza-cer\u00e1mica-de-colores-personalizadas-300x300-1.jpg","contentUrl":"https:\/\/www.personalizeon.com\/wp-content\/uploads\/thumbnail_taza-cer\u00e1mica-de-colores-personalizadas-300x300-1.jpg","width":300,"height":300,"caption":"Tasse en c\u00e9ramique color\u00e9e personnalis\u00e9e"},{"@type":"BreadcrumbList","@id":"https:\/\/www.personalizeon.com\/fr\/aimants-ouvre-bouteilles\/tasse-en-ceramique-coloree-a-personnaliser\/#breadcrumb","itemListElement":[{"@type":"ListItem","position":1,"name":"Home","item":"https:\/\/www.personalizeon.com\/fr\/"},{"@type":"ListItem","position":2,"name":"Boutique","item":"https:\/\/www.personalizeon.com\/fr\/boutique\/"},{"@type":"ListItem","position":3,"name":"Tasse en c\u00e9ramique de couleur \u00e0 personnaliser"}]},{"@type":"WebSite","@id":"https:\/\/www.personalizeon.com\/fr\/#website","url":"https:\/\/www.personalizeon.com\/fr\/","name":"www.personalizeon.com","description":"Art&iacute;culos personalizados para tu empresa","publisher":{"@id":"https:\/\/www.personalizeon.com\/fr\/#organization"},"potentialAction":[{"@type":"SearchAction","target":{"@type":"EntryPoint","urlTemplate":"https:\/\/www.personalizeon.com\/fr\/?s={search_term_string}"},"query-input":{"@type":"PropertyValueSpecification","valueRequired":true,"valueName":"search_term_string"}}],"inLanguage":"fr-FR"},{"@type":"Organization","@id":"https:\/\/www.personalizeon.com\/fr\/#organization","name":"www.personalizeon.com","url":"https:\/\/www.personalizeon.com\/fr\/","logo":{"@type":"ImageObject","inLanguage":"fr-FR","@id":"https:\/\/www.personalizeon.com\/fr\/#\/schema\/logo\/image\/","url":"https:\/\/www.personalizeon.com\/wp-content\/uploads\/cropped-on-logo-personalizeon.jpg","contentUrl":"https:\/\/www.personalizeon.com\/wp-content\/uploads\/cropped-on-logo-personalizeon.jpg","width":200,"height":119,"caption":"www.personalizeon.com"},"image":{"@id":"https:\/\/www.personalizeon.com\/fr\/#\/schema\/logo\/image\/"}}]}},"tiered_pricing_type":"fixed","tiered_pricing_fixed_rules":{"5":3.5,"10":3,"50":2.5,"100":2},"tiered_pricing_product_settings":{"layout":"default","base_unit_name":{"singular":null,"plural":null},"default_variation":null},"tiered_pricing_minimum_quantity":null,"tiered_pricing_roles_data":[],"tiered_pricing_percentage_rules":[],"_links":{"self":[{"href":"https:\/\/www.personalizeon.com\/fr\/wp-json\/wp\/v2\/product\/4388","targetHints":{"allow":["GET"]}}],"collection":[{"href":"https:\/\/www.personalizeon.com\/fr\/wp-json\/wp\/v2\/product"}],"about":[{"href":"https:\/\/www.personalizeon.com\/fr\/wp-json\/wp\/v2\/types\/product"}],"replies":[{"embeddable":true,"href":"https:\/\/www.personalizeon.com\/fr\/wp-json\/wp\/v2\/comments?post=4388"}],"version-history":[{"count":0,"href":"https:\/\/www.personalizeon.com\/fr\/wp-json\/wp\/v2\/product\/4388\/revisions"}],"wp:featuredmedia":[{"embeddable":true,"href":"https:\/\/www.personalizeon.com\/fr\/wp-json\/wp\/v2\/media\/4104"}],"wp:attachment":[{"href":"https:\/\/www.personalizeon.com\/fr\/wp-json\/wp\/v2\/media?parent=4388"}],"wp:term":[{"taxonomy":"product_brand","embeddable":true,"href":"https:\/\/www.personalizeon.com\/fr\/wp-json\/wp\/v2\/product_brand?post=4388"},{"taxonomy":"product_cat","embeddable":true,"href":"https:\/\/www.personalizeon.com\/fr\/wp-json\/wp\/v2\/product_cat?post=4388"},{"taxonomy":"product_tag","embeddable":true,"href":"https:\/\/www.personalizeon.com\/fr\/wp-json\/wp\/v2\/product_tag?post=4388"}],"curies":[{"name":"wp","href":"https:\/\/api.w.org\/{rel}","templated":true}]}}