{"id":4384,"date":"2020-04-27T10:43:19","date_gmt":"2020-04-27T09:13:19","guid":{"rendered":"https:\/\/www.personalizeon.com\/non class\u00e9\/tasse-en-metal-personnalisee\/"},"modified":"2024-03-17T02:49:12","modified_gmt":"2024-03-17T01:19:12","slug":"coupe-camping-metallique","status":"publish","type":"product","link":"https:\/\/www.personalizeon.com\/fr\/tasses-a-photos\/coupe-camping-metallique\/","title":{"rendered":"Tasse en m\u00e9tal personnalis\u00e9e"},"content":{"rendered":"<p>Achetez des <strong>tasses de camping en m\u00e9tal<\/strong> de mani\u00e8re pratique sur notre site.<\/p>\n<p>Notre tasse de camping personnalis\u00e9e unique Inspiration Outdoor ne manquera pas d&rsquo;apporter un style personnalis\u00e9 au feu de camp ! Parfait pour les r\u00e9unions de famille, les vacances, les escapades de week-end et plus encore !<\/p>\n","protected":false},"excerpt":{"rendered":"<p>Sp\u00e9cifications de la tasse :<\/p>\n<ul>\n<li>Personnalis\u00e9 avec l&rsquo;un des 4 versets inspir\u00e9s de l&rsquo;ext\u00e9rieur au recto et un message de 4 lignes au verso.<br \/>\n12 oz.<\/li>\n<li>mug de camping en acier inoxydable avec rev\u00eatement \u00e9maill\u00e9 blanc, rebord avec bordure argent\u00e9e<\/li>\n<li>La l\u00e9g\u00e8ret\u00e9 de l&rsquo;acier le rend durable et parfait pour \u00eatre transport\u00e9 en camping ou pour se d\u00e9tendre en plein air.<\/li>\n<li>Hauteur de 3 1\/8&Prime;.<\/li>\n<li>Lavage \u00e0 la main uniquement<\/li>\n<li>Chacun est vendu s\u00e9par\u00e9ment<\/li>\n<\/ul>\n<p>Vous cherchez d&rsquo;autres options ? voici notre catalogue de <a href=\"https:\/\/www.personalizeon.com\/tazas-personalizadas\/\" target=\"_blank\" rel=\"noopener noreferrer\">tasses personnalis\u00e9es<\/a><\/p>\n<p>Besoin d&rsquo;un coup de main ? Obtenez l&rsquo;aide d&rsquo;un expert en <strong>design sur Whatsapp<\/strong><\/p>\n","protected":false},"featured_media":4124,"comment_status":"open","ping_status":"closed","template":"","meta":{"_acf_changed":false,"_joinchat":[]},"product_brand":[],"product_cat":[162,176,177,179,184,160,175,185,178,180,181,182,183],"product_tag":[],"class_list":{"0":"post-4384","1":"product","2":"type-product","3":"status-publish","4":"has-post-thumbnail","6":"product_cat-mugs-cadeaux","7":"product_cat-tasses-a-photos","8":"product_cat-tasses-avec-des-phrases","9":"product_cat-tasses-de-communion","10":"product_cat-tasses-de-la-saint-valentin","11":"product_cat-tasses-de-mariage","12":"product_cat-tasses-personnalisees","13":"product_cat-tasses-pour-les-baptemes","14":"product_cat-tasses-pour-les-enseignants","15":"product_cat-tasses-pour-les-grands-meres","16":"product_cat-tasses-pour-les-grands-parents","17":"product_cat-tasses-pour-les-meres","18":"product_cat-tasses-pour-les-parents","20":"first","21":"outofstock","22":"sale","23":"taxable","24":"shipping-taxable","25":"purchasable","26":"product-type-simple"},"acf":[],"yoast_head":"<!-- This site is optimized with the Yoast SEO plugin v27.3 - https:\/\/yoast.com\/product\/yoast-seo-wordpress\/ -->\n<title>Tasse en m\u00e9tal personnalis\u00e9e - www.personalizeon.com<\/title>\n<meta name=\"robots\" content=\"index, follow, max-snippet:-1, max-image-preview:large, max-video-preview:-1\" \/>\n<link rel=\"canonical\" href=\"https:\/\/www.personalizeon.com\/fr\/tasses-a-photos\/coupe-camping-metallique\/\" \/>\n<meta property=\"og:locale\" content=\"fr_FR\" \/>\n<meta property=\"og:type\" content=\"article\" \/>\n<meta property=\"og:title\" content=\"Tasse en m\u00e9tal personnalis\u00e9e - www.personalizeon.com\" \/>\n<meta property=\"og:description\" content=\"Sp\u00e9cifications de la tasse :  Personnalis\u00e9 avec l&#039;un des 4 versets inspir\u00e9s de l&#039;ext\u00e9rieur au recto et un message de 4 lignes au verso. 12 oz.  mug de camping en acier inoxydable avec rev\u00eatement \u00e9maill\u00e9 blanc, rebord avec bordure argent\u00e9e  La l\u00e9g\u00e8ret\u00e9 de l&#039;acier le rend durable et parfait pour \u00eatre transport\u00e9 en camping ou pour se d\u00e9tendre en plein air.  Hauteur de 3 1\/8&quot;.  Lavage \u00e0 la main uniquement  Chacun est vendu s\u00e9par\u00e9ment Vous cherchez d&#039;autres options ? voici notre catalogue de tasses personnalis\u00e9es Besoin d&#039;un coup de main ? Obtenez l&#039;aide d&#039;un expert en design sur Whatsapp\" \/>\n<meta property=\"og:url\" content=\"https:\/\/www.personalizeon.com\/fr\/tasses-a-photos\/coupe-camping-metallique\/\" \/>\n<meta property=\"og:site_name\" content=\"www.personalizeon.com\" \/>\n<meta property=\"article:modified_time\" content=\"2024-03-17T01:19:12+00:00\" \/>\n<meta property=\"og:image\" content=\"https:\/\/www.personalizeon.com\/wp-content\/uploads\/TAZA-METALIC-DERECH.jpg\" \/>\n\t<meta property=\"og:image:width\" content=\"700\" \/>\n\t<meta property=\"og:image:height\" content=\"1000\" \/>\n\t<meta property=\"og:image:type\" content=\"image\/jpeg\" \/>\n<meta name=\"twitter:card\" content=\"summary_large_image\" \/>\n<script type=\"application\/ld+json\" class=\"yoast-schema-graph\">{\"@context\":\"https:\\\/\\\/schema.org\",\"@graph\":[{\"@type\":\"WebPage\",\"@id\":\"https:\\\/\\\/www.personalizeon.com\\\/fr\\\/tasses-a-photos\\\/coupe-camping-metallique\\\/\",\"url\":\"https:\\\/\\\/www.personalizeon.com\\\/fr\\\/tasses-a-photos\\\/coupe-camping-metallique\\\/\",\"name\":\"Tasse en m\u00e9tal personnalis\u00e9e - www.personalizeon.com\",\"isPartOf\":{\"@id\":\"https:\\\/\\\/www.personalizeon.com\\\/fr\\\/#website\"},\"primaryImageOfPage\":{\"@id\":\"https:\\\/\\\/www.personalizeon.com\\\/fr\\\/tasses-a-photos\\\/coupe-camping-metallique\\\/#primaryimage\"},\"image\":{\"@id\":\"https:\\\/\\\/www.personalizeon.com\\\/fr\\\/tasses-a-photos\\\/coupe-camping-metallique\\\/#primaryimage\"},\"thumbnailUrl\":\"https:\\\/\\\/www.personalizeon.com\\\/wp-content\\\/uploads\\\/TAZA-METALIC-DERECH.jpg\",\"datePublished\":\"2020-04-27T09:13:19+00:00\",\"dateModified\":\"2024-03-17T01:19:12+00:00\",\"breadcrumb\":{\"@id\":\"https:\\\/\\\/www.personalizeon.com\\\/fr\\\/tasses-a-photos\\\/coupe-camping-metallique\\\/#breadcrumb\"},\"inLanguage\":\"fr-FR\",\"potentialAction\":[{\"@type\":\"ReadAction\",\"target\":[\"https:\\\/\\\/www.personalizeon.com\\\/fr\\\/tasses-a-photos\\\/coupe-camping-metallique\\\/\"]}]},{\"@type\":\"ImageObject\",\"inLanguage\":\"fr-FR\",\"@id\":\"https:\\\/\\\/www.personalizeon.com\\\/fr\\\/tasses-a-photos\\\/coupe-camping-metallique\\\/#primaryimage\",\"url\":\"https:\\\/\\\/www.personalizeon.com\\\/wp-content\\\/uploads\\\/TAZA-METALIC-DERECH.jpg\",\"contentUrl\":\"https:\\\/\\\/www.personalizeon.com\\\/wp-content\\\/uploads\\\/TAZA-METALIC-DERECH.jpg\",\"width\":700,\"height\":1000,\"caption\":\"tasses personnalis\u00e9es bon march\u00e9\"},{\"@type\":\"BreadcrumbList\",\"@id\":\"https:\\\/\\\/www.personalizeon.com\\\/fr\\\/tasses-a-photos\\\/coupe-camping-metallique\\\/#breadcrumb\",\"itemListElement\":[{\"@type\":\"ListItem\",\"position\":1,\"name\":\"Home\",\"item\":\"https:\\\/\\\/www.personalizeon.com\\\/fr\\\/\"},{\"@type\":\"ListItem\",\"position\":2,\"name\":\"Boutique\",\"item\":\"https:\\\/\\\/www.personalizeon.com\\\/fr\\\/boutique\\\/\"},{\"@type\":\"ListItem\",\"position\":3,\"name\":\"Tasse en m\u00e9tal personnalis\u00e9e\"}]},{\"@type\":\"WebSite\",\"@id\":\"https:\\\/\\\/www.personalizeon.com\\\/fr\\\/#website\",\"url\":\"https:\\\/\\\/www.personalizeon.com\\\/fr\\\/\",\"name\":\"www.personalizeon.com\",\"description\":\"Art&iacute;culos personalizados para tu empresa\",\"publisher\":{\"@id\":\"https:\\\/\\\/www.personalizeon.com\\\/fr\\\/#organization\"},\"potentialAction\":[{\"@type\":\"SearchAction\",\"target\":{\"@type\":\"EntryPoint\",\"urlTemplate\":\"https:\\\/\\\/www.personalizeon.com\\\/fr\\\/?s={search_term_string}\"},\"query-input\":{\"@type\":\"PropertyValueSpecification\",\"valueRequired\":true,\"valueName\":\"search_term_string\"}}],\"inLanguage\":\"fr-FR\"},{\"@type\":\"Organization\",\"@id\":\"https:\\\/\\\/www.personalizeon.com\\\/fr\\\/#organization\",\"name\":\"www.personalizeon.com\",\"url\":\"https:\\\/\\\/www.personalizeon.com\\\/fr\\\/\",\"logo\":{\"@type\":\"ImageObject\",\"inLanguage\":\"fr-FR\",\"@id\":\"https:\\\/\\\/www.personalizeon.com\\\/fr\\\/#\\\/schema\\\/logo\\\/image\\\/\",\"url\":\"https:\\\/\\\/www.personalizeon.com\\\/wp-content\\\/uploads\\\/cropped-on-logo-personalizeon.jpg\",\"contentUrl\":\"https:\\\/\\\/www.personalizeon.com\\\/wp-content\\\/uploads\\\/cropped-on-logo-personalizeon.jpg\",\"width\":200,\"height\":119,\"caption\":\"www.personalizeon.com\"},\"image\":{\"@id\":\"https:\\\/\\\/www.personalizeon.com\\\/fr\\\/#\\\/schema\\\/logo\\\/image\\\/\"}}]}<\/script>\n<!-- \/ Yoast SEO plugin. -->","yoast_head_json":{"title":"Tasse en m\u00e9tal personnalis\u00e9e - www.personalizeon.com","robots":{"index":"index","follow":"follow","max-snippet":"max-snippet:-1","max-image-preview":"max-image-preview:large","max-video-preview":"max-video-preview:-1"},"canonical":"https:\/\/www.personalizeon.com\/fr\/tasses-a-photos\/coupe-camping-metallique\/","og_locale":"fr_FR","og_type":"article","og_title":"Tasse en m\u00e9tal personnalis\u00e9e - www.personalizeon.com","og_description":"Sp\u00e9cifications de la tasse :  Personnalis\u00e9 avec l'un des 4 versets inspir\u00e9s de l'ext\u00e9rieur au recto et un message de 4 lignes au verso. 12 oz.  mug de camping en acier inoxydable avec rev\u00eatement \u00e9maill\u00e9 blanc, rebord avec bordure argent\u00e9e  La l\u00e9g\u00e8ret\u00e9 de l'acier le rend durable et parfait pour \u00eatre transport\u00e9 en camping ou pour se d\u00e9tendre en plein air.  Hauteur de 3 1\/8\".  Lavage \u00e0 la main uniquement  Chacun est vendu s\u00e9par\u00e9ment Vous cherchez d'autres options ? voici notre catalogue de tasses personnalis\u00e9es Besoin d'un coup de main ? Obtenez l'aide d'un expert en design sur Whatsapp","og_url":"https:\/\/www.personalizeon.com\/fr\/tasses-a-photos\/coupe-camping-metallique\/","og_site_name":"www.personalizeon.com","article_modified_time":"2024-03-17T01:19:12+00:00","og_image":[{"width":700,"height":1000,"url":"https:\/\/www.personalizeon.com\/wp-content\/uploads\/TAZA-METALIC-DERECH.jpg","type":"image\/jpeg"}],"twitter_card":"summary_large_image","schema":{"@context":"https:\/\/schema.org","@graph":[{"@type":"WebPage","@id":"https:\/\/www.personalizeon.com\/fr\/tasses-a-photos\/coupe-camping-metallique\/","url":"https:\/\/www.personalizeon.com\/fr\/tasses-a-photos\/coupe-camping-metallique\/","name":"Tasse en m\u00e9tal personnalis\u00e9e - www.personalizeon.com","isPartOf":{"@id":"https:\/\/www.personalizeon.com\/fr\/#website"},"primaryImageOfPage":{"@id":"https:\/\/www.personalizeon.com\/fr\/tasses-a-photos\/coupe-camping-metallique\/#primaryimage"},"image":{"@id":"https:\/\/www.personalizeon.com\/fr\/tasses-a-photos\/coupe-camping-metallique\/#primaryimage"},"thumbnailUrl":"https:\/\/www.personalizeon.com\/wp-content\/uploads\/TAZA-METALIC-DERECH.jpg","datePublished":"2020-04-27T09:13:19+00:00","dateModified":"2024-03-17T01:19:12+00:00","breadcrumb":{"@id":"https:\/\/www.personalizeon.com\/fr\/tasses-a-photos\/coupe-camping-metallique\/#breadcrumb"},"inLanguage":"fr-FR","potentialAction":[{"@type":"ReadAction","target":["https:\/\/www.personalizeon.com\/fr\/tasses-a-photos\/coupe-camping-metallique\/"]}]},{"@type":"ImageObject","inLanguage":"fr-FR","@id":"https:\/\/www.personalizeon.com\/fr\/tasses-a-photos\/coupe-camping-metallique\/#primaryimage","url":"https:\/\/www.personalizeon.com\/wp-content\/uploads\/TAZA-METALIC-DERECH.jpg","contentUrl":"https:\/\/www.personalizeon.com\/wp-content\/uploads\/TAZA-METALIC-DERECH.jpg","width":700,"height":1000,"caption":"tasses personnalis\u00e9es bon march\u00e9"},{"@type":"BreadcrumbList","@id":"https:\/\/www.personalizeon.com\/fr\/tasses-a-photos\/coupe-camping-metallique\/#breadcrumb","itemListElement":[{"@type":"ListItem","position":1,"name":"Home","item":"https:\/\/www.personalizeon.com\/fr\/"},{"@type":"ListItem","position":2,"name":"Boutique","item":"https:\/\/www.personalizeon.com\/fr\/boutique\/"},{"@type":"ListItem","position":3,"name":"Tasse en m\u00e9tal personnalis\u00e9e"}]},{"@type":"WebSite","@id":"https:\/\/www.personalizeon.com\/fr\/#website","url":"https:\/\/www.personalizeon.com\/fr\/","name":"www.personalizeon.com","description":"Art&iacute;culos personalizados para tu empresa","publisher":{"@id":"https:\/\/www.personalizeon.com\/fr\/#organization"},"potentialAction":[{"@type":"SearchAction","target":{"@type":"EntryPoint","urlTemplate":"https:\/\/www.personalizeon.com\/fr\/?s={search_term_string}"},"query-input":{"@type":"PropertyValueSpecification","valueRequired":true,"valueName":"search_term_string"}}],"inLanguage":"fr-FR"},{"@type":"Organization","@id":"https:\/\/www.personalizeon.com\/fr\/#organization","name":"www.personalizeon.com","url":"https:\/\/www.personalizeon.com\/fr\/","logo":{"@type":"ImageObject","inLanguage":"fr-FR","@id":"https:\/\/www.personalizeon.com\/fr\/#\/schema\/logo\/image\/","url":"https:\/\/www.personalizeon.com\/wp-content\/uploads\/cropped-on-logo-personalizeon.jpg","contentUrl":"https:\/\/www.personalizeon.com\/wp-content\/uploads\/cropped-on-logo-personalizeon.jpg","width":200,"height":119,"caption":"www.personalizeon.com"},"image":{"@id":"https:\/\/www.personalizeon.com\/fr\/#\/schema\/logo\/image\/"}}]}},"tiered_pricing_type":"fixed","tiered_pricing_fixed_rules":{"5":6,"10":5,"100":2.5},"tiered_pricing_product_settings":{"layout":"default","base_unit_name":{"singular":null,"plural":null},"default_variation":null},"tiered_pricing_minimum_quantity":null,"tiered_pricing_roles_data":[],"tiered_pricing_percentage_rules":[],"_links":{"self":[{"href":"https:\/\/www.personalizeon.com\/fr\/wp-json\/wp\/v2\/product\/4384","targetHints":{"allow":["GET"]}}],"collection":[{"href":"https:\/\/www.personalizeon.com\/fr\/wp-json\/wp\/v2\/product"}],"about":[{"href":"https:\/\/www.personalizeon.com\/fr\/wp-json\/wp\/v2\/types\/product"}],"replies":[{"embeddable":true,"href":"https:\/\/www.personalizeon.com\/fr\/wp-json\/wp\/v2\/comments?post=4384"}],"version-history":[{"count":0,"href":"https:\/\/www.personalizeon.com\/fr\/wp-json\/wp\/v2\/product\/4384\/revisions"}],"wp:featuredmedia":[{"embeddable":true,"href":"https:\/\/www.personalizeon.com\/fr\/wp-json\/wp\/v2\/media\/4124"}],"wp:attachment":[{"href":"https:\/\/www.personalizeon.com\/fr\/wp-json\/wp\/v2\/media?parent=4384"}],"wp:term":[{"taxonomy":"product_brand","embeddable":true,"href":"https:\/\/www.personalizeon.com\/fr\/wp-json\/wp\/v2\/product_brand?post=4384"},{"taxonomy":"product_cat","embeddable":true,"href":"https:\/\/www.personalizeon.com\/fr\/wp-json\/wp\/v2\/product_cat?post=4384"},{"taxonomy":"product_tag","embeddable":true,"href":"https:\/\/www.personalizeon.com\/fr\/wp-json\/wp\/v2\/product_tag?post=4384"}],"curies":[{"name":"wp","href":"https:\/\/api.w.org\/{rel}","templated":true}]}}