{"id":4379,"date":"2020-05-21T09:59:05","date_gmt":"2020-05-21T08:29:05","guid":{"rendered":"https:\/\/www.personalizeon.com\/non class\u00e9\/tasse-pour-les-mariages-merci-de-faire-partie-de-cette-journee\/"},"modified":"2020-05-21T09:59:05","modified_gmt":"2020-05-21T08:29:05","slug":"coupe-de-mariage-merci-de-participer-a-cette-journee","status":"publish","type":"product","link":"https:\/\/www.personalizeon.com\/fr\/tasses-de-mariage\/coupe-de-mariage-merci-de-participer-a-cette-journee\/","title":{"rendered":"Tasse pour les mariages merci de faire partie de cette journ\u00e9e"},"content":{"rendered":"<ul class=\"a-unordered-list a-vertical a-spacing-mini\">\n<li><span class=\"a-list-item\">CUVETTES EN C\u00c9RAMIQUE DE HAUTE QUALIT\u00c9, avec une encre sublime qui les rend R\u00c9SISTANTES au micro-ondes et au lave-vaisselle. Couleur blanche, 11 oz \/ 350 ml. Apr\u00e8s la f\u00eate des grands-p\u00e8res, le mug restera un souvenir pour les enfants, les petits-enfants, les amis&#8230; Et plus encore, si vous voulez am\u00e9liorer votre relation avec LE MEILLEUR GRAND-P\u00c8RE DU MONDE, prenez le petit-d\u00e9jeuner avec lui tous les matins, faites-lui un gros c\u00e2lin et dites-lui \u00ab\u00a0je t&rsquo;aime grand-p\u00e8re\u00a0\u00bb.<\/span><\/li>\n<li><span class=\"a-list-item\">UNE TASSE BELLE ET COLOR\u00c9E&#8230; et aussi MULTI-USAGE ! &#8211; N&rsquo;achetez pas de cadeaux inutiles pour votre grand-p\u00e8re. Car bien qu&rsquo;ils soient appel\u00e9s mugs de petit-d\u00e9jeuner, ils peuvent \u00e9galement \u00eatre utilis\u00e9s pour le d\u00e9jeuner, le go\u00fbter, le d\u00eener&#8230; et vous pouvez mettre ce que vous voulez \u00e0 l&rsquo;int\u00e9rieur ! Plus besoin d&rsquo;acheter des tasses \u00e0 th\u00e9 ou \u00e0 caf\u00e9 s\u00e9par\u00e9es, car les n\u00f4tres conviennent \u00e0 tous. M\u00eame comme ornements, comme un vase en porcelaine chinoise pour la d\u00e9coration&#8230;<\/span><\/li>\n<li><span class=\"a-list-item\">La BOITE \/ EMBALLAGE \/ WRAPPING a une bonne apparence et est parfaitement pr\u00e9par\u00e9e pour le cadeau. Il est \u00e9galement super-prot\u00e9g\u00e9, de sorte que le gobelet ne se brisera pas, m\u00eame si les porteurs jouent au football avec lui ! Les cadeaux les plus s\u00fbrs pour les grands-parents que vous pouvez acheter en ligne.<\/span><\/li>\n<\/ul>\n","protected":false},"excerpt":{"rendered":"<p class=\"a-spacing-mini\"><strong>TASSES EN C\u00c9RAMIQUE DE HAUTE QUALIT\u00c9<\/strong><\/p>\n<p class=\"a-spacing-base\">Caract\u00e9ristiques :<\/p>\n<ul class=\"a-unordered-list a-vertical\">\n<li><span class=\"a-list-item\">Couleur blanche<\/span><\/li>\n<li><span class=\"a-list-item\">11 oz \/ 350 ml<\/span><\/li>\n<li><span class=\"a-list-item\">Mat\u00e9riau : C\u00e9ramique<\/span><\/li>\n<\/ul>\n<p>&nbsp;<\/p>\n<p class=\"a-spacing-mini\"><strong>VA AU LAVE-VAISSELLE ET AU MICRO-ONDES<\/strong><\/p>\n<ul class=\"a-unordered-list a-vertical\">\n<li><span class=\"a-list-item\">Autant de lavages que vous le souhaitez, votre tasse ne s&rsquo;usera pas plus que d&rsquo;habitude.<\/span><\/li>\n<li><span class=\"a-list-item\">Chauffez-le au micro-ondes sans craindre de vous br\u00fbler, le manche reste \u00e0 basse temp\u00e9rature.<\/span><\/li>\n<\/ul>\n<p>&nbsp;<\/p>\n<p class=\"a-spacing-mini\"><strong>PARFAIT COMME CADEAU<\/strong><\/p>\n<p class=\"a-spacing-base\">Qui peut avoir un sourire sur le visage avec un mug&#8230; eh bien, tous ceux qui veulent un cadeau original et sp\u00e9cial ! Nos mugs s&rsquo;adressent \u00e0 tous ceux que vous souhaitez surprendre, qu&rsquo;il s&rsquo;agisse de votre famille (p\u00e8re, m\u00e8re, fr\u00e8res et s\u0153urs&#8230;), de vos amis, de votre partenaire, des femmes comme des hommes&#8230;<\/p>\n","protected":false},"featured_media":4053,"comment_status":"open","ping_status":"closed","template":"","meta":{"_acf_changed":false,"_joinchat":[]},"product_brand":[],"product_cat":[162,160],"product_tag":[],"class_list":{"0":"post-4379","1":"product","2":"type-product","3":"status-publish","4":"has-post-thumbnail","6":"product_cat-mugs-cadeaux","7":"product_cat-tasses-de-mariage","9":"first","10":"instock","11":"taxable","12":"shipping-taxable","13":"purchasable","14":"product-type-simple"},"acf":[],"yoast_head":"<!-- This site is optimized with the Yoast SEO plugin v27.4 - https:\/\/yoast.com\/product\/yoast-seo-wordpress\/ -->\n<title>Tasse pour les mariages merci de faire partie de cette journ\u00e9e - www.personalizeon.com<\/title>\n<meta name=\"robots\" content=\"index, follow, max-snippet:-1, max-image-preview:large, max-video-preview:-1\" \/>\n<link rel=\"canonical\" href=\"https:\/\/www.personalizeon.com\/fr\/tasses-de-mariage\/coupe-de-mariage-merci-de-participer-a-cette-journee\/\" \/>\n<meta property=\"og:locale\" content=\"fr_FR\" \/>\n<meta property=\"og:type\" content=\"article\" \/>\n<meta property=\"og:title\" content=\"Tasse pour les mariages merci de faire partie de cette journ\u00e9e - www.personalizeon.com\" \/>\n<meta property=\"og:description\" content=\"TASSES EN C\u00c9RAMIQUE DE HAUTE QUALIT\u00c9 Caract\u00e9ristiques :   Couleur blanche  11 oz \/ 350 ml  Mat\u00e9riau : C\u00e9ramique &nbsp; VA AU LAVE-VAISSELLE ET AU MICRO-ONDES   Autant de lavages que vous le souhaitez, votre tasse ne s&#039;usera pas plus que d&#039;habitude.  Chauffez-le au micro-ondes sans craindre de vous br\u00fbler, le manche reste \u00e0 basse temp\u00e9rature. &nbsp; PARFAIT COMME CADEAU Qui peut avoir un sourire sur le visage avec un mug... eh bien, tous ceux qui veulent un cadeau original et sp\u00e9cial ! Nos mugs s&#039;adressent \u00e0 tous ceux que vous souhaitez surprendre, qu&#039;il s&#039;agisse de votre famille (p\u00e8re, m\u00e8re, fr\u00e8res et s\u0153urs...), de vos amis, de votre partenaire, des femmes comme des hommes...\" \/>\n<meta property=\"og:url\" content=\"https:\/\/www.personalizeon.com\/fr\/tasses-de-mariage\/coupe-de-mariage-merci-de-participer-a-cette-journee\/\" \/>\n<meta property=\"og:site_name\" content=\"www.personalizeon.com\" \/>\n<meta property=\"og:image\" content=\"https:\/\/www.personalizeon.com\/wp-content\/uploads\/603.jpg\" \/>\n\t<meta property=\"og:image:width\" content=\"567\" \/>\n\t<meta property=\"og:image:height\" content=\"567\" \/>\n\t<meta property=\"og:image:type\" content=\"image\/jpeg\" \/>\n<meta name=\"twitter:card\" content=\"summary_large_image\" \/>\n<script type=\"application\/ld+json\" class=\"yoast-schema-graph\">{\"@context\":\"https:\\\/\\\/schema.org\",\"@graph\":[{\"@type\":\"WebPage\",\"@id\":\"https:\\\/\\\/www.personalizeon.com\\\/fr\\\/tasses-de-mariage\\\/coupe-de-mariage-merci-de-participer-a-cette-journee\\\/\",\"url\":\"https:\\\/\\\/www.personalizeon.com\\\/fr\\\/tasses-de-mariage\\\/coupe-de-mariage-merci-de-participer-a-cette-journee\\\/\",\"name\":\"Tasse pour les mariages merci de faire partie de cette journ\u00e9e - www.personalizeon.com\",\"isPartOf\":{\"@id\":\"https:\\\/\\\/www.personalizeon.com\\\/fr\\\/#website\"},\"primaryImageOfPage\":{\"@id\":\"https:\\\/\\\/www.personalizeon.com\\\/fr\\\/tasses-de-mariage\\\/coupe-de-mariage-merci-de-participer-a-cette-journee\\\/#primaryimage\"},\"image\":{\"@id\":\"https:\\\/\\\/www.personalizeon.com\\\/fr\\\/tasses-de-mariage\\\/coupe-de-mariage-merci-de-participer-a-cette-journee\\\/#primaryimage\"},\"thumbnailUrl\":\"https:\\\/\\\/www.personalizeon.com\\\/wp-content\\\/uploads\\\/603.jpg\",\"datePublished\":\"2020-05-21T08:29:05+00:00\",\"breadcrumb\":{\"@id\":\"https:\\\/\\\/www.personalizeon.com\\\/fr\\\/tasses-de-mariage\\\/coupe-de-mariage-merci-de-participer-a-cette-journee\\\/#breadcrumb\"},\"inLanguage\":\"fr-FR\",\"potentialAction\":[{\"@type\":\"ReadAction\",\"target\":[\"https:\\\/\\\/www.personalizeon.com\\\/fr\\\/tasses-de-mariage\\\/coupe-de-mariage-merci-de-participer-a-cette-journee\\\/\"]}]},{\"@type\":\"ImageObject\",\"inLanguage\":\"fr-FR\",\"@id\":\"https:\\\/\\\/www.personalizeon.com\\\/fr\\\/tasses-de-mariage\\\/coupe-de-mariage-merci-de-participer-a-cette-journee\\\/#primaryimage\",\"url\":\"https:\\\/\\\/www.personalizeon.com\\\/wp-content\\\/uploads\\\/603.jpg\",\"contentUrl\":\"https:\\\/\\\/www.personalizeon.com\\\/wp-content\\\/uploads\\\/603.jpg\",\"width\":567,\"height\":567,\"caption\":\"Tasse pour les mariages merci de faire partie de cette journ\u00e9e\"},{\"@type\":\"BreadcrumbList\",\"@id\":\"https:\\\/\\\/www.personalizeon.com\\\/fr\\\/tasses-de-mariage\\\/coupe-de-mariage-merci-de-participer-a-cette-journee\\\/#breadcrumb\",\"itemListElement\":[{\"@type\":\"ListItem\",\"position\":1,\"name\":\"Home\",\"item\":\"https:\\\/\\\/www.personalizeon.com\\\/fr\\\/\"},{\"@type\":\"ListItem\",\"position\":2,\"name\":\"Boutique\",\"item\":\"https:\\\/\\\/www.personalizeon.com\\\/fr\\\/boutique\\\/\"},{\"@type\":\"ListItem\",\"position\":3,\"name\":\"Tasse pour les mariages merci de faire partie de cette journ\u00e9e\"}]},{\"@type\":\"WebSite\",\"@id\":\"https:\\\/\\\/www.personalizeon.com\\\/fr\\\/#website\",\"url\":\"https:\\\/\\\/www.personalizeon.com\\\/fr\\\/\",\"name\":\"www.personalizeon.com\",\"description\":\"Art&iacute;culos personalizados para tu empresa\",\"publisher\":{\"@id\":\"https:\\\/\\\/www.personalizeon.com\\\/fr\\\/#organization\"},\"potentialAction\":[{\"@type\":\"SearchAction\",\"target\":{\"@type\":\"EntryPoint\",\"urlTemplate\":\"https:\\\/\\\/www.personalizeon.com\\\/fr\\\/?s={search_term_string}\"},\"query-input\":{\"@type\":\"PropertyValueSpecification\",\"valueRequired\":true,\"valueName\":\"search_term_string\"}}],\"inLanguage\":\"fr-FR\"},{\"@type\":\"Organization\",\"@id\":\"https:\\\/\\\/www.personalizeon.com\\\/fr\\\/#organization\",\"name\":\"www.personalizeon.com\",\"url\":\"https:\\\/\\\/www.personalizeon.com\\\/fr\\\/\",\"logo\":{\"@type\":\"ImageObject\",\"inLanguage\":\"fr-FR\",\"@id\":\"https:\\\/\\\/www.personalizeon.com\\\/fr\\\/#\\\/schema\\\/logo\\\/image\\\/\",\"url\":\"https:\\\/\\\/www.personalizeon.com\\\/wp-content\\\/uploads\\\/cropped-on-logo-personalizeon.jpg\",\"contentUrl\":\"https:\\\/\\\/www.personalizeon.com\\\/wp-content\\\/uploads\\\/cropped-on-logo-personalizeon.jpg\",\"width\":200,\"height\":119,\"caption\":\"www.personalizeon.com\"},\"image\":{\"@id\":\"https:\\\/\\\/www.personalizeon.com\\\/fr\\\/#\\\/schema\\\/logo\\\/image\\\/\"}}]}<\/script>\n<!-- \/ Yoast SEO plugin. -->","yoast_head_json":{"title":"Tasse pour les mariages merci de faire partie de cette journ\u00e9e - www.personalizeon.com","robots":{"index":"index","follow":"follow","max-snippet":"max-snippet:-1","max-image-preview":"max-image-preview:large","max-video-preview":"max-video-preview:-1"},"canonical":"https:\/\/www.personalizeon.com\/fr\/tasses-de-mariage\/coupe-de-mariage-merci-de-participer-a-cette-journee\/","og_locale":"fr_FR","og_type":"article","og_title":"Tasse pour les mariages merci de faire partie de cette journ\u00e9e - www.personalizeon.com","og_description":"TASSES EN C\u00c9RAMIQUE DE HAUTE QUALIT\u00c9 Caract\u00e9ristiques :   Couleur blanche  11 oz \/ 350 ml  Mat\u00e9riau : C\u00e9ramique &nbsp; VA AU LAVE-VAISSELLE ET AU MICRO-ONDES   Autant de lavages que vous le souhaitez, votre tasse ne s'usera pas plus que d'habitude.  Chauffez-le au micro-ondes sans craindre de vous br\u00fbler, le manche reste \u00e0 basse temp\u00e9rature. &nbsp; PARFAIT COMME CADEAU Qui peut avoir un sourire sur le visage avec un mug... eh bien, tous ceux qui veulent un cadeau original et sp\u00e9cial ! Nos mugs s'adressent \u00e0 tous ceux que vous souhaitez surprendre, qu'il s'agisse de votre famille (p\u00e8re, m\u00e8re, fr\u00e8res et s\u0153urs...), de vos amis, de votre partenaire, des femmes comme des hommes...","og_url":"https:\/\/www.personalizeon.com\/fr\/tasses-de-mariage\/coupe-de-mariage-merci-de-participer-a-cette-journee\/","og_site_name":"www.personalizeon.com","og_image":[{"width":567,"height":567,"url":"https:\/\/www.personalizeon.com\/wp-content\/uploads\/603.jpg","type":"image\/jpeg"}],"twitter_card":"summary_large_image","schema":{"@context":"https:\/\/schema.org","@graph":[{"@type":"WebPage","@id":"https:\/\/www.personalizeon.com\/fr\/tasses-de-mariage\/coupe-de-mariage-merci-de-participer-a-cette-journee\/","url":"https:\/\/www.personalizeon.com\/fr\/tasses-de-mariage\/coupe-de-mariage-merci-de-participer-a-cette-journee\/","name":"Tasse pour les mariages merci de faire partie de cette journ\u00e9e - www.personalizeon.com","isPartOf":{"@id":"https:\/\/www.personalizeon.com\/fr\/#website"},"primaryImageOfPage":{"@id":"https:\/\/www.personalizeon.com\/fr\/tasses-de-mariage\/coupe-de-mariage-merci-de-participer-a-cette-journee\/#primaryimage"},"image":{"@id":"https:\/\/www.personalizeon.com\/fr\/tasses-de-mariage\/coupe-de-mariage-merci-de-participer-a-cette-journee\/#primaryimage"},"thumbnailUrl":"https:\/\/www.personalizeon.com\/wp-content\/uploads\/603.jpg","datePublished":"2020-05-21T08:29:05+00:00","breadcrumb":{"@id":"https:\/\/www.personalizeon.com\/fr\/tasses-de-mariage\/coupe-de-mariage-merci-de-participer-a-cette-journee\/#breadcrumb"},"inLanguage":"fr-FR","potentialAction":[{"@type":"ReadAction","target":["https:\/\/www.personalizeon.com\/fr\/tasses-de-mariage\/coupe-de-mariage-merci-de-participer-a-cette-journee\/"]}]},{"@type":"ImageObject","inLanguage":"fr-FR","@id":"https:\/\/www.personalizeon.com\/fr\/tasses-de-mariage\/coupe-de-mariage-merci-de-participer-a-cette-journee\/#primaryimage","url":"https:\/\/www.personalizeon.com\/wp-content\/uploads\/603.jpg","contentUrl":"https:\/\/www.personalizeon.com\/wp-content\/uploads\/603.jpg","width":567,"height":567,"caption":"Tasse pour les mariages merci de faire partie de cette journ\u00e9e"},{"@type":"BreadcrumbList","@id":"https:\/\/www.personalizeon.com\/fr\/tasses-de-mariage\/coupe-de-mariage-merci-de-participer-a-cette-journee\/#breadcrumb","itemListElement":[{"@type":"ListItem","position":1,"name":"Home","item":"https:\/\/www.personalizeon.com\/fr\/"},{"@type":"ListItem","position":2,"name":"Boutique","item":"https:\/\/www.personalizeon.com\/fr\/boutique\/"},{"@type":"ListItem","position":3,"name":"Tasse pour les mariages merci de faire partie de cette journ\u00e9e"}]},{"@type":"WebSite","@id":"https:\/\/www.personalizeon.com\/fr\/#website","url":"https:\/\/www.personalizeon.com\/fr\/","name":"www.personalizeon.com","description":"Art&iacute;culos personalizados para tu empresa","publisher":{"@id":"https:\/\/www.personalizeon.com\/fr\/#organization"},"potentialAction":[{"@type":"SearchAction","target":{"@type":"EntryPoint","urlTemplate":"https:\/\/www.personalizeon.com\/fr\/?s={search_term_string}"},"query-input":{"@type":"PropertyValueSpecification","valueRequired":true,"valueName":"search_term_string"}}],"inLanguage":"fr-FR"},{"@type":"Organization","@id":"https:\/\/www.personalizeon.com\/fr\/#organization","name":"www.personalizeon.com","url":"https:\/\/www.personalizeon.com\/fr\/","logo":{"@type":"ImageObject","inLanguage":"fr-FR","@id":"https:\/\/www.personalizeon.com\/fr\/#\/schema\/logo\/image\/","url":"https:\/\/www.personalizeon.com\/wp-content\/uploads\/cropped-on-logo-personalizeon.jpg","contentUrl":"https:\/\/www.personalizeon.com\/wp-content\/uploads\/cropped-on-logo-personalizeon.jpg","width":200,"height":119,"caption":"www.personalizeon.com"},"image":{"@id":"https:\/\/www.personalizeon.com\/fr\/#\/schema\/logo\/image\/"}}]}},"tiered_pricing_type":"fixed","tiered_pricing_fixed_rules":[],"tiered_pricing_product_settings":{"layout":"default","base_unit_name":{"singular":null,"plural":null},"default_variation":null},"tiered_pricing_minimum_quantity":null,"tiered_pricing_roles_data":[],"tiered_pricing_percentage_rules":[],"_links":{"self":[{"href":"https:\/\/www.personalizeon.com\/fr\/wp-json\/wp\/v2\/product\/4379","targetHints":{"allow":["GET"]}}],"collection":[{"href":"https:\/\/www.personalizeon.com\/fr\/wp-json\/wp\/v2\/product"}],"about":[{"href":"https:\/\/www.personalizeon.com\/fr\/wp-json\/wp\/v2\/types\/product"}],"replies":[{"embeddable":true,"href":"https:\/\/www.personalizeon.com\/fr\/wp-json\/wp\/v2\/comments?post=4379"}],"version-history":[{"count":0,"href":"https:\/\/www.personalizeon.com\/fr\/wp-json\/wp\/v2\/product\/4379\/revisions"}],"wp:featuredmedia":[{"embeddable":true,"href":"https:\/\/www.personalizeon.com\/fr\/wp-json\/wp\/v2\/media\/4053"}],"wp:attachment":[{"href":"https:\/\/www.personalizeon.com\/fr\/wp-json\/wp\/v2\/media?parent=4379"}],"wp:term":[{"taxonomy":"product_brand","embeddable":true,"href":"https:\/\/www.personalizeon.com\/fr\/wp-json\/wp\/v2\/product_brand?post=4379"},{"taxonomy":"product_cat","embeddable":true,"href":"https:\/\/www.personalizeon.com\/fr\/wp-json\/wp\/v2\/product_cat?post=4379"},{"taxonomy":"product_tag","embeddable":true,"href":"https:\/\/www.personalizeon.com\/fr\/wp-json\/wp\/v2\/product_tag?post=4379"}],"curies":[{"name":"wp","href":"https:\/\/api.w.org\/{rel}","templated":true}]}}