{"id":4348,"date":"2020-05-04T17:36:16","date_gmt":"2020-05-04T16:06:16","guid":{"rendered":"https:\/\/www.personalizeon.com\/politique-de-retour\/"},"modified":"2022-07-05T17:40:03","modified_gmt":"2022-07-05T16:10:03","slug":"politique-de-retour","status":"publish","type":"page","link":"https:\/\/www.personalizeon.com\/fr\/politique-de-retour\/","title":{"rendered":"POLITIQUE DE RETOUR"},"content":{"rendered":"\n<h4 class=\"wp-block-heading\"><strong>La passation de commandes implique l&rsquo;acceptation des clauses suivantes :<\/strong><\/h4>\n\n<ul class=\"wp-block-list\"><li><strong>Exp\u00e9dition :<\/strong><\/li><\/ul>\n\n<p>Le co\u00fbt de l&rsquo;exp\u00e9dition varie en fonction du ou des produits que vous souhaitez acheter.  <\/p>\n\n<p>La meilleure fa\u00e7on de conna\u00eetre les frais d&rsquo;exp\u00e9dition \u00e0 domicile est d&rsquo;ajouter les produits qui vous int\u00e9ressent \u00e0 votre panier, puis de cliquer sur le bouton \u00ab\u00a0Calculer les frais d&rsquo;exp\u00e9dition\u00a0\u00bb sur l&rsquo;\u00e9cran o\u00f9 s&rsquo;affiche le contenu du panier.<\/p>\n\n<p><strong>P\u00e9ninsule<\/strong><strong>:<\/strong><\/p>\n\n<ul class=\"wp-block-list\"><li><strong>Gratuit pour les commandes sup\u00e9rieures \u00e0 155\u20ac : 5 <\/strong>\u00e0 7 jours ouvrables<\/li><li><strong>Standard : 5 <\/strong>\u00e0 7 jours ouvrables &#8211; Prix : \u20ac6.50<\/li><li><strong>Express : 3 <\/strong>\u00e0 4 jours ouvrables &#8211; Prix : 12,50\u20ac.<\/li><li><strong>Urgent 24\/48h <\/strong><em>(selon le produit, le temps de confirmation, la disponibilit\u00e9)<\/em><strong>:<\/strong> Prix : 18,50\u20ac.<\/li><li><strong>Collecte \u00e0 Chapea :<\/strong> 6 jours ouvrables &#8211; Prix : 0\u20ac.<\/li><li><strong>Collecte express \u00e0 Chapea :<\/strong> 3 jours ouvrables &#8211; Prix : 6\u20ac.<\/li><li><strong>* <\/strong><em>Dans tous les cas, ils correspondent \u00e0 des jours ouvrables (du lundi au vendredi).<\/em><\/li><\/ul>\n\n<p><strong>\u00celes Bal\u00e9ares et Portugal<\/strong><\/p>\n\n<ul class=\"wp-block-list\"><li>En fonction de l&#8217;emplacement et du poids du produit, le prix sera calcul\u00e9 au moment de l&rsquo;achat.<\/li><li>Le d\u00e9lai estim\u00e9 pour le mode standard est de 7 jours ouvrables.<\/li><li>La livraison express est disponible et peut \u00eatre s\u00e9lectionn\u00e9e dans le panier d&rsquo;achat.<\/li><\/ul>\n\n<p>Italie, France, Monaco, Allemagne, Royaume-Uni, Autriche, Belgique, Luxembourg, Pays-Bas :  <\/p>\n\n<ul class=\"wp-block-list\"><li>En fonction de l&#8217;emplacement et du poids du produit &#8211; Prix : \u00e0 calculer au moment de l&rsquo;achat<\/li><li>Le d\u00e9lai de livraison estim\u00e9 est de 10 jours ouvrables. Il n&rsquo;y a pas de possibilit\u00e9 de livraison express vers ces destinations.<\/li><\/ul>\n\n<p><strong>Venezuela, Colombie, Costa Rica et R\u00e9publique dominicaine :<\/strong><\/p>\n\n<ul class=\"wp-block-list\"><li>Un service porte-\u00e0-porte qui prend 9 \u00e0 12 jours<\/li><li>Le prix sera calcul\u00e9 au moment de l&rsquo;achat en fonction du poids de la commande (environ 8 \u20ac par kilo).<\/li><li>Le prix comprend l&rsquo;assurance de la valeur d\u00e9clar\u00e9e<\/li><\/ul>\n\n<p><strong>Autres pays :<\/strong><\/p>\n\n<ul class=\"wp-block-list\"><li>Veuillez demander les frais d&rsquo;envoi par Correos ou le ramassage \u00e0 Chapea en prenant un accord pr\u00e9alable.<\/li><\/ul>\n\n<ul class=\"wp-block-list\"><li>Les commandes seront consid\u00e9r\u00e9es comme des commandes du jour m\u00eame si elles sont pass\u00e9es avant 13h00 pour les commandes personnalis\u00e9es et 14h00 pour les machines et les consommables. Sinon, il est compt\u00e9 \u00e0 partir du jour suivant.<\/li><li>Une commande ne peut \u00eatre consid\u00e9r\u00e9e comme une commande du jour m\u00eame qu&rsquo;en cas de paiement par carte de cr\u00e9dit, PayPal ou un mode de paiement SeQura.<\/li><li>Dans le cas d&rsquo;une livraison gratuite ; correspond \u00e0 une seule livraison dans la p\u00e9ninsule, dans le cas d&rsquo;une livraison partielle les frais de port s&rsquo;appliqueraient.<\/li><li>Tout d\u00e9lai de livraison peut \u00eatre modifi\u00e9 en fonction de la quantit\u00e9, du type de produit, de la personnalisation ou de la rupture de stock, auquel cas le client en sera inform\u00e9 \u00e0 l&rsquo;avance.<\/li><li>Le d\u00e9lai de livraison commence \u00e0 partir de la confirmation du paiement (et non du re\u00e7u) et, en cas de produits personnalis\u00e9s, \u00e0 partir de la confirmation de la photo d&rsquo;\u00e9chantillon.<\/li><li>Nous r\u00e9pondons aux urgences de mani\u00e8re flexible, dans la limite de nos possibilit\u00e9s, nous essayons toujours de r\u00e9pondre \u00e0 vos besoins.<\/li><li>Si une commande est retourn\u00e9e parce qu&rsquo;elle n&rsquo;est pas arriv\u00e9e le jour souhait\u00e9, mais que la commande est encore dans le d\u00e9lai contractuel, les frais d&rsquo;envoi et de retour sont \u00e0 la charge du client.<\/li><li>Dans les zones d&rsquo;exp\u00e9dition qui encourent des frais de douane, des taxes de d\u00e9part, des imp\u00f4ts indirects&#8230; Ils seront factur\u00e9s \u00e0 destination.<\/li><li>Nous n&rsquo;exp\u00e9dions pas directement vers les \u00eeles Canaries ou Andorre en raison de nombreux probl\u00e8mes li\u00e9s \u00e0 la collecte de la DUA chez notre client. Nos clients dans ces endroits peuvent envoyer leur coursier pr\u00e9f\u00e9r\u00e9 pour collecter le colis dans nos locaux, comme MRW.<\/li><\/ul>\n\n<ul class=\"wp-block-list\"><li><strong>Erreurs dans le code postal, l&rsquo;adresse, le t\u00e9l\u00e9phone, l&rsquo;e-mail :<\/strong> <\/li><\/ul>\n\n<p>Les frais d&rsquo;exp\u00e9dition dus \u00e0 une <strong>erreur du client dans le remplissage des donn\u00e9es de contact et d&rsquo;exp\u00e9dition sont<\/strong> \u00e0 la charge du client, car c&rsquo;est lui qui doit remplir les donn\u00e9es et les v\u00e9rifier lors de l&rsquo;enregistrement ou de la commande.  <\/p>\n\n<p>Ainsi que les d\u00e9penses g\u00e9n\u00e9r\u00e9es par les absences ou les secondes livraisons si n\u00e9cessaire.<\/p>\n\n<ul class=\"wp-block-list\"><li><strong>  D\u00e9lais de livraison :<\/strong><\/li><\/ul>\n\n<p>Le d\u00e9lai de livraison peut varier en  en <strong>fonction de la disponibilit\u00e9 des produits<\/strong>, de l&rsquo;exp\u00e9dition contractuelle et de la destination du colis ; la grande majorit\u00e9 des commandes sont exp\u00e9di\u00e9es avant la date limite contractuelle.  <strong>(nous ne gardons pas les colis)<\/strong>, ce qui fait que le paiement d&rsquo;un paiement Express ou Urgent fait passer votre commande dans une file d&rsquo;attente plus rapide : ce qui prend g\u00e9n\u00e9ralement plus de temps, ce n&rsquo;est pas de fabriquer votre commande, mais de fabriquer toutes les commandes qui ont \u00e9t\u00e9 pass\u00e9es avant la v\u00f4tre.<\/p>\n\n<p>Dans tous les cas, l&rsquo;envoi sera trait\u00e9 dans les meilleurs d\u00e9lais. En cas de commande de plusieurs produits, une seule exp\u00e9dition sera effectu\u00e9e lorsque tout le mat\u00e9riel sera disponible, sauf dans le cas o\u00f9 le client indique express\u00e9ment le contraire.  <\/p>\n\n<p>Toutefois, Personalizeon.com <strong>se r\u00e9serve le droit d&rsquo;exp\u00e9dier les commandes sous forme fragment\u00e9e<\/strong> sans frais suppl\u00e9mentaires pour le client.  <\/p>\n\n<p>Pour les produits qui ne sont pas en stock, ind\u00e9pendamment de ce qui est indiqu\u00e9 dans la fiche technique, le client recevra par courrier \u00e9lectronique le d\u00e9lai de livraison approximatif que le fabricant ou le fournisseur nous a communiqu\u00e9 et sera tenu inform\u00e9 de toute variation pouvant d\u00e9couler de ce d\u00e9lai.<\/p>\n\n<ul class=\"wp-block-list\"><li><strong>Annulations :<\/strong> <\/li><\/ul>\n\n<p>L&rsquo;<strong>acheteur peut annuler sa commande \u00e0 tout moment<\/strong> tant que le statut n&rsquo;est pas en \u00ab\u00a0Process\u00a0\u00bb ; ni l&rsquo;\u00e9chantillon approuv\u00e9 dans le cas de produits personnalis\u00e9s et dans le cas o\u00f9 le paiement a d\u00e9j\u00e0 \u00e9t\u00e9 effectu\u00e9, le <strong>montant sera rembours\u00e9<\/strong>.<\/p>\n\n<p>En cas de remboursement du montant total ou d&rsquo;une diff\u00e9rence due \u00e0 une erreur du client lors de la commande, des frais de transaction seront factur\u00e9s. Le pourcentage des frais de transaction varie en fonction de la banque et du mode de paiement.  <\/p>\n\n<p>Pour annuler une commande, veuillez envoyer un courriel \u00e0 <strong>info@personalizeon.com<\/strong> pour demander l&rsquo;annulation de votre commande et fournir le num\u00e9ro de commande, si possible.  <\/p>\n\n<p>Cet e-mail doit \u00eatre envoy\u00e9 \u00e0 partir de la <strong>m\u00eame adresse e-mail<\/strong> avec laquelle l&rsquo;utilisateur s&rsquo;est enregistr\u00e9 sur notre SITE.  <\/p>\n\n<p>Veuillez noter que Personalizeon.com \u00ab\u00a0traite\u00a0\u00bb souvent les commandes peu de temps apr\u00e8s la r\u00e9ception du paiement. Si votre commande est d\u00e9j\u00e0 en \u00ab\u00a0traitement\u00a0\u00bb et que vous souhaitez tout de m\u00eame l&rsquo;annuler, veuillez consulter les conditions g\u00e9n\u00e9rales de retour.<\/p>\n\n<ul class=\"wp-block-list\"><li><strong>Les retours :<\/strong><\/li><\/ul>\n\n<p>Le d\u00e9lai de retour d&rsquo;un produit est de <strong>14 jours ouvrables \u00e0 compter de sa r\u00e9ception<\/strong>.  <\/p>\n\n<p>Pour pouvoir retourner le <strong>produit, il est essentiel que le produit et son emballage soient en parfait \u00e9tat<\/strong>.  <\/p>\n\n<p>Personalizeon.com pr\u00e9sume que l&rsquo;acheteur a lu la description du produit sur le SITE et qu&rsquo;il comprend ce qu&rsquo;il commande avant de passer la commande.  <\/p>\n\n<p>Les frais d&rsquo;exp\u00e9dition pour les retours ou les produits non d\u00e9sir\u00e9s seront <strong>pay\u00e9s par l&rsquo;acheteur<\/strong>.  <\/p>\n\n<p>Si vous souhaitez retourner un produit achet\u00e9 sur Personalizeon.com, vous devez d&rsquo;abord nous en informer par courrier \u00e9lectronique \u00e0 infopersonalizeon.com en indiquant ce qui suit :<\/p>\n\n<ul class=\"wp-block-list\"><li>&#8211; Nom et adresse \u00e9lectronique utilis\u00e9s pour effectuer l&rsquo;achat.<\/li><li>&#8211; Num\u00e9ro et date de la commande.<\/li><li>&#8211; Produits achet\u00e9s, y compris leur prix.<\/li><li>&#8211; Motif du retour Une fois votre demande analys\u00e9e, vous recevrez par e-mail les instructions n\u00e9cessaires pour le retour.<\/li><\/ul>\n\n<p>Une fois le produit re\u00e7u et contr\u00f4l\u00e9, le paiement correspondant sera effectu\u00e9 dans un d\u00e9lai maximum de 31 jours.  <\/p>\n\n<p>Aucun remboursement ne sera effectu\u00e9 une fois que Personalizeon.com aura re\u00e7u l&rsquo;approbation de l&rsquo;\u00e9chantillon et exp\u00e9di\u00e9 la commande de produits personnalis\u00e9s ; dans le d\u00e9lai convenu avec le client, soit parce qu&rsquo;il ne le souhaite pas, soit parce qu&rsquo;il n&rsquo;\u00e9tait pas chez lui le jour de la livraison.<\/p>\n\n<ul class=\"wp-block-list\"><li><strong>Paiement de la commande<\/strong>:<\/li><\/ul>\n\n<p>En cas de paiement de la commande par virement ou d\u00e9p\u00f4t comme mode de paiement, il faut tenir compte du fait que le num\u00e9ro de r\u00e9f\u00e9rence de la commande doit \u00eatre indiqu\u00e9 dans le concept et que le montant exact doit \u00eatre saisi avec les centimes inclus comme indiqu\u00e9 dans le total de la commande, si vous payez moins que le total, il est suppos\u00e9 que la commande n&rsquo;est pas enti\u00e8rement pay\u00e9e (le montant manquant sera factur\u00e9 \u00e0 la livraison + frais de gestion) et si le client fait un d\u00e9p\u00f4t de plus que le montant total, il sera pay\u00e9 en mat\u00e9riel, nous ne faisons pas de remboursements d&rsquo;exc\u00e9dents, ni de cumul de montants en faveur du client.<\/p>\n","protected":false},"excerpt":{"rendered":"<p>La passation de commandes implique l&rsquo;acceptation des clauses suivantes : Exp\u00e9dition : Le co\u00fbt de l&rsquo;exp\u00e9dition varie en fonction du ou des produits que vous souhaitez acheter. La meilleure fa\u00e7on de conna\u00eetre les frais d&rsquo;exp\u00e9dition \u00e0 domicile est d&rsquo;ajouter les produits qui vous int\u00e9ressent \u00e0 votre panier, puis de cliquer sur le bouton \u00ab\u00a0Calculer les [&hellip;]<\/p>\n","protected":false},"author":1,"featured_media":0,"parent":0,"menu_order":0,"comment_status":"closed","ping_status":"closed","template":"","meta":{"_acf_changed":false,"_joinchat":[],"footnotes":""},"class_list":["post-4348","page","type-page","status-publish","hentry"],"acf":[],"yoast_head":"<!-- This site is optimized with the Yoast SEO plugin v27.4 - https:\/\/yoast.com\/product\/yoast-seo-wordpress\/ -->\n<title>POLITIQUE DE RETOUR - www.personalizeon.com<\/title>\n<meta name=\"description\" content=\"La passation de commandes implique l&#039;acceptation des clauses suivantes : Exp\u00e9dition : Le co\u00fbt de l&#039;exp\u00e9dition varie en fonction du ou des produits que\" \/>\n<meta name=\"robots\" content=\"noindex, nofollow\" \/>\n<meta property=\"og:locale\" content=\"fr_FR\" \/>\n<meta property=\"og:type\" content=\"article\" \/>\n<meta property=\"og:title\" content=\"POLITIQUE DE RETOUR - www.personalizeon.com\" \/>\n<meta property=\"og:description\" content=\"La passation de commandes implique l&#039;acceptation des clauses suivantes : Exp\u00e9dition : Le co\u00fbt de l&#039;exp\u00e9dition varie en fonction du ou des produits que\" \/>\n<meta property=\"og:url\" content=\"https:\/\/www.personalizeon.com\/fr\/politique-de-retour\/\" \/>\n<meta property=\"og:site_name\" content=\"www.personalizeon.com\" \/>\n<meta property=\"article:modified_time\" content=\"2022-07-05T16:10:03+00:00\" \/>\n<meta name=\"twitter:card\" content=\"summary_large_image\" \/>\n<script type=\"application\/ld+json\" class=\"yoast-schema-graph\">{\"@context\":\"https:\\\/\\\/schema.org\",\"@graph\":[{\"@type\":\"WebPage\",\"@id\":\"https:\\\/\\\/www.personalizeon.com\\\/fr\\\/politique-de-retour\\\/\",\"url\":\"https:\\\/\\\/www.personalizeon.com\\\/fr\\\/politique-de-retour\\\/\",\"name\":\"POLITIQUE DE RETOUR - www.personalizeon.com\",\"isPartOf\":{\"@id\":\"https:\\\/\\\/www.personalizeon.com\\\/fr\\\/#website\"},\"datePublished\":\"2020-05-04T16:06:16+00:00\",\"dateModified\":\"2022-07-05T16:10:03+00:00\",\"description\":\"La passation de commandes implique l'acceptation des clauses suivantes : Exp\u00e9dition : Le co\u00fbt de l'exp\u00e9dition varie en fonction du ou des produits que\",\"breadcrumb\":{\"@id\":\"https:\\\/\\\/www.personalizeon.com\\\/fr\\\/politique-de-retour\\\/#breadcrumb\"},\"inLanguage\":\"fr-FR\",\"potentialAction\":[{\"@type\":\"ReadAction\",\"target\":[\"https:\\\/\\\/www.personalizeon.com\\\/fr\\\/politique-de-retour\\\/\"]}]},{\"@type\":\"BreadcrumbList\",\"@id\":\"https:\\\/\\\/www.personalizeon.com\\\/fr\\\/politique-de-retour\\\/#breadcrumb\",\"itemListElement\":[{\"@type\":\"ListItem\",\"position\":1,\"name\":\"Home\",\"item\":\"https:\\\/\\\/www.personalizeon.com\\\/fr\\\/\"},{\"@type\":\"ListItem\",\"position\":2,\"name\":\"POLITIQUE DE RETOUR\"}]},{\"@type\":\"WebSite\",\"@id\":\"https:\\\/\\\/www.personalizeon.com\\\/fr\\\/#website\",\"url\":\"https:\\\/\\\/www.personalizeon.com\\\/fr\\\/\",\"name\":\"www.personalizeon.com\",\"description\":\"Art&iacute;culos personalizados para tu empresa\",\"publisher\":{\"@id\":\"https:\\\/\\\/www.personalizeon.com\\\/fr\\\/#organization\"},\"potentialAction\":[{\"@type\":\"SearchAction\",\"target\":{\"@type\":\"EntryPoint\",\"urlTemplate\":\"https:\\\/\\\/www.personalizeon.com\\\/fr\\\/?s={search_term_string}\"},\"query-input\":{\"@type\":\"PropertyValueSpecification\",\"valueRequired\":true,\"valueName\":\"search_term_string\"}}],\"inLanguage\":\"fr-FR\"},{\"@type\":\"Organization\",\"@id\":\"https:\\\/\\\/www.personalizeon.com\\\/fr\\\/#organization\",\"name\":\"www.personalizeon.com\",\"url\":\"https:\\\/\\\/www.personalizeon.com\\\/fr\\\/\",\"logo\":{\"@type\":\"ImageObject\",\"inLanguage\":\"fr-FR\",\"@id\":\"https:\\\/\\\/www.personalizeon.com\\\/fr\\\/#\\\/schema\\\/logo\\\/image\\\/\",\"url\":\"https:\\\/\\\/www.personalizeon.com\\\/wp-content\\\/uploads\\\/cropped-on-logo-personalizeon.jpg\",\"contentUrl\":\"https:\\\/\\\/www.personalizeon.com\\\/wp-content\\\/uploads\\\/cropped-on-logo-personalizeon.jpg\",\"width\":200,\"height\":119,\"caption\":\"www.personalizeon.com\"},\"image\":{\"@id\":\"https:\\\/\\\/www.personalizeon.com\\\/fr\\\/#\\\/schema\\\/logo\\\/image\\\/\"}}]}<\/script>\n<!-- \/ Yoast SEO plugin. -->","yoast_head_json":{"title":"POLITIQUE DE RETOUR - www.personalizeon.com","description":"La passation de commandes implique l'acceptation des clauses suivantes : Exp\u00e9dition : Le co\u00fbt de l'exp\u00e9dition varie en fonction du ou des produits que","robots":{"index":"noindex","follow":"nofollow"},"og_locale":"fr_FR","og_type":"article","og_title":"POLITIQUE DE RETOUR - www.personalizeon.com","og_description":"La passation de commandes implique l'acceptation des clauses suivantes : Exp\u00e9dition : Le co\u00fbt de l'exp\u00e9dition varie en fonction du ou des produits que","og_url":"https:\/\/www.personalizeon.com\/fr\/politique-de-retour\/","og_site_name":"www.personalizeon.com","article_modified_time":"2022-07-05T16:10:03+00:00","twitter_card":"summary_large_image","schema":{"@context":"https:\/\/schema.org","@graph":[{"@type":"WebPage","@id":"https:\/\/www.personalizeon.com\/fr\/politique-de-retour\/","url":"https:\/\/www.personalizeon.com\/fr\/politique-de-retour\/","name":"POLITIQUE DE RETOUR - www.personalizeon.com","isPartOf":{"@id":"https:\/\/www.personalizeon.com\/fr\/#website"},"datePublished":"2020-05-04T16:06:16+00:00","dateModified":"2022-07-05T16:10:03+00:00","description":"La passation de commandes implique l'acceptation des clauses suivantes : Exp\u00e9dition : Le co\u00fbt de l'exp\u00e9dition varie en fonction du ou des produits que","breadcrumb":{"@id":"https:\/\/www.personalizeon.com\/fr\/politique-de-retour\/#breadcrumb"},"inLanguage":"fr-FR","potentialAction":[{"@type":"ReadAction","target":["https:\/\/www.personalizeon.com\/fr\/politique-de-retour\/"]}]},{"@type":"BreadcrumbList","@id":"https:\/\/www.personalizeon.com\/fr\/politique-de-retour\/#breadcrumb","itemListElement":[{"@type":"ListItem","position":1,"name":"Home","item":"https:\/\/www.personalizeon.com\/fr\/"},{"@type":"ListItem","position":2,"name":"POLITIQUE DE RETOUR"}]},{"@type":"WebSite","@id":"https:\/\/www.personalizeon.com\/fr\/#website","url":"https:\/\/www.personalizeon.com\/fr\/","name":"www.personalizeon.com","description":"Art&iacute;culos personalizados para tu empresa","publisher":{"@id":"https:\/\/www.personalizeon.com\/fr\/#organization"},"potentialAction":[{"@type":"SearchAction","target":{"@type":"EntryPoint","urlTemplate":"https:\/\/www.personalizeon.com\/fr\/?s={search_term_string}"},"query-input":{"@type":"PropertyValueSpecification","valueRequired":true,"valueName":"search_term_string"}}],"inLanguage":"fr-FR"},{"@type":"Organization","@id":"https:\/\/www.personalizeon.com\/fr\/#organization","name":"www.personalizeon.com","url":"https:\/\/www.personalizeon.com\/fr\/","logo":{"@type":"ImageObject","inLanguage":"fr-FR","@id":"https:\/\/www.personalizeon.com\/fr\/#\/schema\/logo\/image\/","url":"https:\/\/www.personalizeon.com\/wp-content\/uploads\/cropped-on-logo-personalizeon.jpg","contentUrl":"https:\/\/www.personalizeon.com\/wp-content\/uploads\/cropped-on-logo-personalizeon.jpg","width":200,"height":119,"caption":"www.personalizeon.com"},"image":{"@id":"https:\/\/www.personalizeon.com\/fr\/#\/schema\/logo\/image\/"}}]}},"_links":{"self":[{"href":"https:\/\/www.personalizeon.com\/fr\/wp-json\/wp\/v2\/pages\/4348","targetHints":{"allow":["GET"]}}],"collection":[{"href":"https:\/\/www.personalizeon.com\/fr\/wp-json\/wp\/v2\/pages"}],"about":[{"href":"https:\/\/www.personalizeon.com\/fr\/wp-json\/wp\/v2\/types\/page"}],"author":[{"embeddable":true,"href":"https:\/\/www.personalizeon.com\/fr\/wp-json\/wp\/v2\/users\/1"}],"replies":[{"embeddable":true,"href":"https:\/\/www.personalizeon.com\/fr\/wp-json\/wp\/v2\/comments?post=4348"}],"version-history":[{"count":0,"href":"https:\/\/www.personalizeon.com\/fr\/wp-json\/wp\/v2\/pages\/4348\/revisions"}],"wp:attachment":[{"href":"https:\/\/www.personalizeon.com\/fr\/wp-json\/wp\/v2\/media?parent=4348"}],"curies":[{"name":"wp","href":"https:\/\/api.w.org\/{rel}","templated":true}]}}