{"id":4345,"date":"2020-04-20T11:55:20","date_gmt":"2020-04-20T10:25:20","guid":{"rendered":"https:\/\/www.personalizeon.com\/conditions-et-modalites-de-paiement\/"},"modified":"2022-07-05T16:29:34","modified_gmt":"2022-07-05T14:59:34","slug":"conditions-et-modalites-de-paiement","status":"publish","type":"page","link":"https:\/\/www.personalizeon.com\/fr\/conditions-et-modalites-de-paiement\/","title":{"rendered":"CONDITIONS ET MODALIT\u00c9S DE PAIEMENT"},"content":{"rendered":"\n<p>Les m\u00e9thodes de paiement suivantes sont disponibles :<\/p>\n\n<h2 class=\"wp-block-heading\">Virement bancaire ou d\u00e9p\u00f4t :<\/h2>\n\n<p>Le num\u00e9ro de compte bancaire vous sera communiqu\u00e9 lors de la confirmation de votre commande.<br\/>Ce type de paiement ne comporte aucune commission au moment de la passation de la commande, en cas d&rsquo;annulation ou de retour de la commande, des frais bancaires peuvent \u00eatre appliqu\u00e9s.<\/p>\n\n<p><br\/>Ce type de paiement peut \u00eatre utilis\u00e9 pour tout type de commande.<br\/>Il est recommand\u00e9 d&rsquo;envoyer la preuve de paiement INDIQUANT le num\u00e9ro de la commande afin d&rsquo;acc\u00e9l\u00e9rer le processus, mais la commande est consid\u00e9r\u00e9e comme pay\u00e9e lorsque l&rsquo;argent est vers\u00e9 sur notre compte ; selon l&rsquo;entit\u00e9, cela peut prendre de 24 \u00e0 72 heures.  <\/p>\n\n<p>Il y a beaucoup de commandes de diff\u00e9rents clients avec les m\u00eames montants, et comme nous n&rsquo;avons pas le re\u00e7u ou les d\u00e9tails du paiement, nous ne pouvons pas savoir \u00e0 qui il correspond ; par cons\u00e9quent, il reste en attente de traitement et sa gestion est retard\u00e9e.<\/p>\n\n<h2 class=\"wp-block-heading\">Paiement par carte de d\u00e9bit ou de cr\u00e9dit :<\/h2>\n\n<p>Lorsque vous confirmez votre commande, vous serez dirig\u00e9 vers la passerelle de paiement s\u00e9curis\u00e9 de la banque.<\/p>\n\n<p>Ce type de paiement ne comporte aucune commission au moment de la passation de la commande, en cas d&rsquo;annulation ou de retour de la commande, des frais bancaires peuvent \u00eatre appliqu\u00e9s.<\/p>\n\n<p>Ce type de paiement peut \u00eatre utilis\u00e9 pour tout type de commande.<br\/>Bien que le pr\u00e9l\u00e8vement soit effectu\u00e9 imm\u00e9diatement, il est consid\u00e9r\u00e9 comme pay\u00e9 lorsque l&rsquo;argent est cr\u00e9dit\u00e9 sur votre compte ; selon la banque, cela peut prendre de 24 \u00e0 72 heures.<\/p>\n","protected":false},"excerpt":{"rendered":"<p>Les m\u00e9thodes de paiement suivantes sont disponibles : Virement bancaire ou d\u00e9p\u00f4t : Le num\u00e9ro de compte bancaire vous sera communiqu\u00e9 lors de la confirmation de votre commande.Ce type de paiement ne comporte aucune commission au moment de la passation de la commande, en cas d&rsquo;annulation ou de retour de la commande, des frais bancaires [&hellip;]<\/p>\n","protected":false},"author":1,"featured_media":0,"parent":0,"menu_order":0,"comment_status":"closed","ping_status":"closed","template":"","meta":{"_acf_changed":false,"_joinchat":[],"footnotes":""},"class_list":["post-4345","page","type-page","status-publish","hentry"],"acf":[],"yoast_head":"<!-- This site is optimized with the Yoast SEO plugin v27.4 - https:\/\/yoast.com\/product\/yoast-seo-wordpress\/ -->\n<title>CONDITIONS ET MODALIT\u00c9S DE PAIEMENT - www.personalizeon.com<\/title>\n<meta name=\"description\" content=\"Les m\u00e9thodes de paiement suivantes sont disponibles : Virement bancaire ou d\u00e9p\u00f4t : Le num\u00e9ro de compte bancaire vous sera communiqu\u00e9 lors de la\" \/>\n<meta name=\"robots\" content=\"noindex, nofollow\" \/>\n<meta property=\"og:locale\" content=\"fr_FR\" \/>\n<meta property=\"og:type\" content=\"article\" \/>\n<meta property=\"og:title\" content=\"CONDITIONS ET MODALIT\u00c9S DE PAIEMENT - www.personalizeon.com\" \/>\n<meta property=\"og:description\" content=\"Les m\u00e9thodes de paiement suivantes sont disponibles : Virement bancaire ou d\u00e9p\u00f4t : Le num\u00e9ro de compte bancaire vous sera communiqu\u00e9 lors de la\" \/>\n<meta property=\"og:url\" content=\"https:\/\/www.personalizeon.com\/fr\/conditions-et-modalites-de-paiement\/\" \/>\n<meta property=\"og:site_name\" content=\"www.personalizeon.com\" \/>\n<meta property=\"article:modified_time\" content=\"2022-07-05T14:59:34+00:00\" \/>\n<meta name=\"twitter:card\" content=\"summary_large_image\" \/>\n<script type=\"application\/ld+json\" class=\"yoast-schema-graph\">{\"@context\":\"https:\\\/\\\/schema.org\",\"@graph\":[{\"@type\":\"WebPage\",\"@id\":\"https:\\\/\\\/www.personalizeon.com\\\/fr\\\/conditions-et-modalites-de-paiement\\\/\",\"url\":\"https:\\\/\\\/www.personalizeon.com\\\/fr\\\/conditions-et-modalites-de-paiement\\\/\",\"name\":\"CONDITIONS ET MODALIT\u00c9S DE PAIEMENT - www.personalizeon.com\",\"isPartOf\":{\"@id\":\"https:\\\/\\\/www.personalizeon.com\\\/fr\\\/#website\"},\"datePublished\":\"2020-04-20T10:25:20+00:00\",\"dateModified\":\"2022-07-05T14:59:34+00:00\",\"description\":\"Les m\u00e9thodes de paiement suivantes sont disponibles : Virement bancaire ou d\u00e9p\u00f4t : Le num\u00e9ro de compte bancaire vous sera communiqu\u00e9 lors de la\",\"breadcrumb\":{\"@id\":\"https:\\\/\\\/www.personalizeon.com\\\/fr\\\/conditions-et-modalites-de-paiement\\\/#breadcrumb\"},\"inLanguage\":\"fr-FR\",\"potentialAction\":[{\"@type\":\"ReadAction\",\"target\":[\"https:\\\/\\\/www.personalizeon.com\\\/fr\\\/conditions-et-modalites-de-paiement\\\/\"]}]},{\"@type\":\"BreadcrumbList\",\"@id\":\"https:\\\/\\\/www.personalizeon.com\\\/fr\\\/conditions-et-modalites-de-paiement\\\/#breadcrumb\",\"itemListElement\":[{\"@type\":\"ListItem\",\"position\":1,\"name\":\"Home\",\"item\":\"https:\\\/\\\/www.personalizeon.com\\\/fr\\\/\"},{\"@type\":\"ListItem\",\"position\":2,\"name\":\"CONDITIONS ET MODALIT\u00c9S DE PAIEMENT\"}]},{\"@type\":\"WebSite\",\"@id\":\"https:\\\/\\\/www.personalizeon.com\\\/fr\\\/#website\",\"url\":\"https:\\\/\\\/www.personalizeon.com\\\/fr\\\/\",\"name\":\"www.personalizeon.com\",\"description\":\"Art&iacute;culos personalizados para tu empresa\",\"publisher\":{\"@id\":\"https:\\\/\\\/www.personalizeon.com\\\/fr\\\/#organization\"},\"potentialAction\":[{\"@type\":\"SearchAction\",\"target\":{\"@type\":\"EntryPoint\",\"urlTemplate\":\"https:\\\/\\\/www.personalizeon.com\\\/fr\\\/?s={search_term_string}\"},\"query-input\":{\"@type\":\"PropertyValueSpecification\",\"valueRequired\":true,\"valueName\":\"search_term_string\"}}],\"inLanguage\":\"fr-FR\"},{\"@type\":\"Organization\",\"@id\":\"https:\\\/\\\/www.personalizeon.com\\\/fr\\\/#organization\",\"name\":\"www.personalizeon.com\",\"url\":\"https:\\\/\\\/www.personalizeon.com\\\/fr\\\/\",\"logo\":{\"@type\":\"ImageObject\",\"inLanguage\":\"fr-FR\",\"@id\":\"https:\\\/\\\/www.personalizeon.com\\\/fr\\\/#\\\/schema\\\/logo\\\/image\\\/\",\"url\":\"https:\\\/\\\/www.personalizeon.com\\\/wp-content\\\/uploads\\\/cropped-on-logo-personalizeon.jpg\",\"contentUrl\":\"https:\\\/\\\/www.personalizeon.com\\\/wp-content\\\/uploads\\\/cropped-on-logo-personalizeon.jpg\",\"width\":200,\"height\":119,\"caption\":\"www.personalizeon.com\"},\"image\":{\"@id\":\"https:\\\/\\\/www.personalizeon.com\\\/fr\\\/#\\\/schema\\\/logo\\\/image\\\/\"}}]}<\/script>\n<!-- \/ Yoast SEO plugin. -->","yoast_head_json":{"title":"CONDITIONS ET MODALIT\u00c9S DE PAIEMENT - www.personalizeon.com","description":"Les m\u00e9thodes de paiement suivantes sont disponibles : Virement bancaire ou d\u00e9p\u00f4t : Le num\u00e9ro de compte bancaire vous sera communiqu\u00e9 lors de la","robots":{"index":"noindex","follow":"nofollow"},"og_locale":"fr_FR","og_type":"article","og_title":"CONDITIONS ET MODALIT\u00c9S DE PAIEMENT - www.personalizeon.com","og_description":"Les m\u00e9thodes de paiement suivantes sont disponibles : Virement bancaire ou d\u00e9p\u00f4t : Le num\u00e9ro de compte bancaire vous sera communiqu\u00e9 lors de la","og_url":"https:\/\/www.personalizeon.com\/fr\/conditions-et-modalites-de-paiement\/","og_site_name":"www.personalizeon.com","article_modified_time":"2022-07-05T14:59:34+00:00","twitter_card":"summary_large_image","schema":{"@context":"https:\/\/schema.org","@graph":[{"@type":"WebPage","@id":"https:\/\/www.personalizeon.com\/fr\/conditions-et-modalites-de-paiement\/","url":"https:\/\/www.personalizeon.com\/fr\/conditions-et-modalites-de-paiement\/","name":"CONDITIONS ET MODALIT\u00c9S DE PAIEMENT - www.personalizeon.com","isPartOf":{"@id":"https:\/\/www.personalizeon.com\/fr\/#website"},"datePublished":"2020-04-20T10:25:20+00:00","dateModified":"2022-07-05T14:59:34+00:00","description":"Les m\u00e9thodes de paiement suivantes sont disponibles : Virement bancaire ou d\u00e9p\u00f4t : Le num\u00e9ro de compte bancaire vous sera communiqu\u00e9 lors de la","breadcrumb":{"@id":"https:\/\/www.personalizeon.com\/fr\/conditions-et-modalites-de-paiement\/#breadcrumb"},"inLanguage":"fr-FR","potentialAction":[{"@type":"ReadAction","target":["https:\/\/www.personalizeon.com\/fr\/conditions-et-modalites-de-paiement\/"]}]},{"@type":"BreadcrumbList","@id":"https:\/\/www.personalizeon.com\/fr\/conditions-et-modalites-de-paiement\/#breadcrumb","itemListElement":[{"@type":"ListItem","position":1,"name":"Home","item":"https:\/\/www.personalizeon.com\/fr\/"},{"@type":"ListItem","position":2,"name":"CONDITIONS ET MODALIT\u00c9S DE PAIEMENT"}]},{"@type":"WebSite","@id":"https:\/\/www.personalizeon.com\/fr\/#website","url":"https:\/\/www.personalizeon.com\/fr\/","name":"www.personalizeon.com","description":"Art&iacute;culos personalizados para tu empresa","publisher":{"@id":"https:\/\/www.personalizeon.com\/fr\/#organization"},"potentialAction":[{"@type":"SearchAction","target":{"@type":"EntryPoint","urlTemplate":"https:\/\/www.personalizeon.com\/fr\/?s={search_term_string}"},"query-input":{"@type":"PropertyValueSpecification","valueRequired":true,"valueName":"search_term_string"}}],"inLanguage":"fr-FR"},{"@type":"Organization","@id":"https:\/\/www.personalizeon.com\/fr\/#organization","name":"www.personalizeon.com","url":"https:\/\/www.personalizeon.com\/fr\/","logo":{"@type":"ImageObject","inLanguage":"fr-FR","@id":"https:\/\/www.personalizeon.com\/fr\/#\/schema\/logo\/image\/","url":"https:\/\/www.personalizeon.com\/wp-content\/uploads\/cropped-on-logo-personalizeon.jpg","contentUrl":"https:\/\/www.personalizeon.com\/wp-content\/uploads\/cropped-on-logo-personalizeon.jpg","width":200,"height":119,"caption":"www.personalizeon.com"},"image":{"@id":"https:\/\/www.personalizeon.com\/fr\/#\/schema\/logo\/image\/"}}]}},"_links":{"self":[{"href":"https:\/\/www.personalizeon.com\/fr\/wp-json\/wp\/v2\/pages\/4345","targetHints":{"allow":["GET"]}}],"collection":[{"href":"https:\/\/www.personalizeon.com\/fr\/wp-json\/wp\/v2\/pages"}],"about":[{"href":"https:\/\/www.personalizeon.com\/fr\/wp-json\/wp\/v2\/types\/page"}],"author":[{"embeddable":true,"href":"https:\/\/www.personalizeon.com\/fr\/wp-json\/wp\/v2\/users\/1"}],"replies":[{"embeddable":true,"href":"https:\/\/www.personalizeon.com\/fr\/wp-json\/wp\/v2\/comments?post=4345"}],"version-history":[{"count":0,"href":"https:\/\/www.personalizeon.com\/fr\/wp-json\/wp\/v2\/pages\/4345\/revisions"}],"wp:attachment":[{"href":"https:\/\/www.personalizeon.com\/fr\/wp-json\/wp\/v2\/media?parent=4345"}],"curies":[{"name":"wp","href":"https:\/\/api.w.org\/{rel}","templated":true}]}}